{"id":2302,"date":"2021-05-05T10:03:28","date_gmt":"2021-05-05T10:03:28","guid":{"rendered":"https:\/\/real-estate-dcm.com\/?page_id=2302"},"modified":"2021-05-05T10:03:30","modified_gmt":"2021-05-05T10:03:30","slug":"izjava-o-privatnosti","status":"publish","type":"page","link":"https:\/\/real-estate-dcm.com\/de\/datenschutzerklarung\/","title":{"rendered":"Erkl\u00e4rung zum Datenschutz"},"content":{"rendered":"<h2 class=\"wp-block-heading\">Was Sie wissen m\u00fcssen, wenn Sie die offizielle Website von DCM Dubrovnik besuchen<\/h2>\n\n\n\n<h3 class=\"wp-block-heading\">Datenschutzerkl\u00e4rung<\/h3>\n\n\n\n<p>Diese Internetseite (<strong><a href=\"https:\/\/real-estate-dcm.com\/de\/\">https:\/\/real-estate-dcm.com\/<\/a><\/strong>) verwaltet <strong>TR\u00c4UMEN, ERSTELLEN &amp; EINZIEHEN doo<\/strong> mit Sitz in \u0160umet 41, \u0160umet.<\/p>\n\n\n\n<p>Bitte lesen Sie diese Regeln sorgf\u00e4ltig durch, bevor Sie diese Website nutzen, da sie eine Erl\u00e4uterung dazu enthalten, wie wir mit personenbezogenen Daten umgehen und wie wir Cookies verwenden. Durch die Nutzung dieser Website erkl\u00e4ren Sie sich mit diesen Regeln einverstanden. Wenn Sie den Inhalt dieser Regeln nicht akzeptieren, d\u00fcrfen Sie diese Website nicht nutzen.<\/p>\n\n\n\n<h3 class=\"wp-block-heading\">Arten von Daten, die wir verarbeiten \/ Links zu anderen Websites<\/h3>\n\n\n\n<p>DCM Dubrovnik k\u00fcmmert sich um den Schutz Ihrer Privatsph\u00e4re. \u00dcber diese Seite erhebt und verarbeitet DCM Dubrovnik keine personenbezogenen Daten, mit Ausnahme der durch Cookies gesammelten Informationen, wie weiter unten in diesen Regeln erl\u00e4utert.<\/p>\n\n\n\n<p>Diese Website kann Links zu anderen DCM Dubrovnik-Websites oder Websites unserer Gesch\u00e4ftspartner, anderen verbundenen Unternehmen oder Social-Media-Websites enthalten. Wenn Sie auf einen solchen Link zu einer anderen Website von DCM Dubrovnik oder einer Website Dritter klicken, beachten Sie bitte, dass diese Websites ihre eigenen Datenschutzrichtlinien haben. Bitte \u00fcberpr\u00fcfen Sie deren Datenschutzrichtlinien, wenn Sie diese Websites nutzen.<\/p>\n\n\n\n<p>Bitte beachten Sie, dass DCM Dubrovnik keine Verantwortung oder Haftung f\u00fcr Websites Dritter \u00fcbernehmen kann.<\/p>\n\n\n\n<h3 class=\"wp-block-heading\">Erhebung und Nutzung von Informationen<\/h3>\n\n\n\n<p>Um die Website im Hinblick auf den Systembetrieb, ihre Nutzung und die Bereitstellung n\u00fctzlicher Informationen \u00fcber unsere Produkte und Dienstleistungen zu verbessern, erfassen und speichern wir automatisch Informationen in Protokolldateien auf Ihrem Computer. Dazu geh\u00f6ren Ihre Internet Protocol (IP)-Adresse, Browsertyp und Spracheinstellungen, Betriebssystem, Internet Service Provider (ISP) und Datums-\/Zeitstempel.<\/p>\n\n\n\n<p>Wir verwenden diese Informationen, um unsere Website effektiv zu betreiben, mehr Erkenntnisse \u00fcber das Verhalten unserer Website-Besucher zu gewinnen, Trends zu analysieren und demografische Daten \u00fcber unsere Benutzer insgesamt zu sammeln. Die gesammelten Daten k\u00f6nnen f\u00fcr unsere Marketing- und Werbedienstleistungen und Kommunikation verwendet werden (z. B. zur Optimierung und Verbesserung des Benutzererlebnisses, Bereitstellung attraktiverer Sonderangebote und Dienstleistungen).<\/p>\n\n\n\n<p>F\u00fcr den Fall, dass nicht-personenbezogene Informationen zusammen mit personenbezogenen Daten verwendet werden, werden diese Informationen als personenbezogene Daten behandelt, solange sie zusammen verwendet werden.<\/p>\n\n\n\n<h3 class=\"wp-block-heading\">Verwendung von Cookies (\u201eCookies\u201c)<\/h3>\n\n\n\n<p>Diese Website, E-Mail-Nachrichten, Online-Dienste, Anzeigen und interaktive Anwendungen k\u00f6nnen \u201eCookies\u201c verwenden, um unsere Dienste zu verbessern.<\/p>\n\n\n\n<h3 class=\"wp-block-heading\">Was ist ein \u201eCookie\u201c?<\/h3>\n\n\n\n<p>Ein \u201eCookie\u201c ist eine kleine Datei, die normalerweise aus Buchstaben und Zahlen besteht und die wir \u00fcber unseren Webserver an die Cookie-Datei des Browsers auf der Festplatte Ihres Computers senden. Dies erm\u00f6glicht es unserer Seite beispielsweise, das Ger\u00e4t des Nutzers zu erkennen, wenn eine Verbindung zwischen dem Webserver und dem Webbrowser hergestellt wird. Der Hauptzweck von Cookies besteht darin, unserem Webserver die Anzeige benutzerfreundlicher Webseiten zu erm\u00f6glichen, die das Benutzererlebnis pers\u00f6nlicher machen und besser auf die pers\u00f6nlichen Bed\u00fcrfnisse des Benutzers abgestimmt sind. Welche Arten von Cookies verwendet diese Website?<\/p>\n\n\n\n<p><strong>DCM Dubrovnik kann auf dieser Seite zwei Arten von Cookies verwenden:<\/strong><br>Tempor\u00e4re Cookies (\u201eSitzungscookies\u201c): Dabei handelt es sich um tempor\u00e4re Cookies, die in der Cookie-Datei Ihres Browsers verbleiben, bis Sie Ihre Suche abschlie\u00dfen. Diese Cookies sind f\u00fcr den ordnungsgem\u00e4\u00dfen Betrieb bestimmter Anwendungen oder Funktionen auf der Website zwingend erforderlich.<br>Dauerhafte Cookies (\u201edauerhafte Cookies\u201c): Wir k\u00f6nnen dauerhafte Cookies verwenden, um das Erlebnis f\u00fcr unsere Benutzer zu verbessern (z. B. Bereitstellung einer optimierten Navigation). Diese Cookies verbleiben f\u00fcr lange Zeit in der Cookie-Datei Ihres Browsers. Dieser Zeitraum h\u00e4ngt von den Einstellungen Ihres Internetbrowsers ab. Persistente Cookies erm\u00f6glichen die \u00dcbermittlung von Daten an den Webserver bei jedem Seitenbesuch. Permanente Cookies werden auch Tracking-Cookies genannt.<\/p>\n\n\n\n<p>Wenn Sie mehr \u00fcber Cookies erfahren m\u00f6chten, gibt es viele Online-Ver\u00f6ffentlichungen dar\u00fcber.<\/p>\n\n\n\n<h3 class=\"wp-block-heading\">Cookies von Drittanbietern<\/h3>\n\n\n\n<p>DCM Dubrovnik kann f\u00fcr die Werbung und Verbesserung unserer Marketingkommunikation Drittwerbetreibende einsetzen. Werbetreibende Dritter verwenden Cookies, um die Wirksamkeit von Werbung zu messen und Werbeinhalte pers\u00f6nlicher zu gestalten. Zu den von Drittwerbetreibenden erfassten Informationen k\u00f6nnen Informationen wie Geolokalisierungsdaten (abgeleitet von einer IP-Adresse) oder Kontaktinformationen wie eine E-Mail-Adresse geh\u00f6ren, sofern diese \u00fcber diese Website erfasst werden.<\/p>\n\n\n\n<h3 class=\"wp-block-heading\">Web-Tags und Pixel-Tags<\/h3>\n\n\n\n<p>Diese Website enth\u00e4lt Web-Tags (auch \u201ePixel-Tags\u201c genannt). Ein Web-Beacon ist oft ein transparentes grafisches Bild, normalerweise nicht gr\u00f6\u00dfer als 1 x 1 Pixel, das auf einer Webseite oder in einer E-Mail platziert wird und zur \u00dcberwachung des Online-Verhaltens von Benutzern verwendet wird, die diese Webseite besuchen oder eine E-Mail senden -mail . Web-Beacons nutzen Technologien von Drittanbietern, um die Aktivit\u00e4t der Besucher unserer Website zu \u00fcberwachen. Es erm\u00f6glicht die Verfolgung, welcher Computer wann und von wo aus auf eine bestimmte Website zugegriffen hat (auf L\u00e4nder-\/Stadtebene).<\/p>\n\n\n\n<h3 class=\"wp-block-heading\">\u00dcberwachung und Analyse<\/h3>\n\n\n\n<p>Um unsere Marketingkommunikation kontinuierlich zu verbessern, nutzen wir die Dienste von Google Analytics. Diese Informationen werden durch Tracking-Tags und\/oder Cookies erfasst. Die durch Tracking-Tags und\/oder Cookies erfassten Informationen sind anonym und werden nicht mit personenbezogenen Daten verkn\u00fcpft.<\/p>\n\n\n\n<h3 class=\"wp-block-heading\">Aktivieren und Deaktivieren von Cookies und \u00e4hnlichen Technologien<\/h3>\n\n\n\n<p>Sie haben die M\u00f6glichkeit, alle Cookies auf allen von Ihnen besuchten Websites zu akzeptieren oder abzulehnen, indem Sie die Einstellungen Ihres Internetbrowsers \u00e4ndern. Wenn Sie beispielsweise Internet Explorer Version 8.0 verwenden, m\u00fcssen Sie Folgendes tun: 1. Klicken Sie auf die Schaltfl\u00e4che \u201eExtras\u201c und dann auf \u201eInternetoptionen\u201c. 2. Klicken Sie auf die Registerkarte \u201eDatenschutz\u201c. 3. W\u00e4hlen Sie mit dem Schieberegler die entsprechenden Einstellungen aus.<\/p>\n\n\n\n<p>F\u00fcr andere Internetbrowser lesen Sie bitte die Anleitung Ihres Browsers, um mehr dar\u00fcber zu erfahren, wie Sie Ihre Browsereinstellungen \u00e4ndern oder Cookies l\u00f6schen k\u00f6nnen.<\/p>\n\n\n\n<p>Bitte beachten Sie, dass bestimmte Inhalte und die volle Funktionalit\u00e4t dieser Website nicht verf\u00fcgbar sind, wenn Cookies deaktiviert sind.<\/p>\n\n\n\n<h3 class=\"wp-block-heading\">\u00c4nderungen unserer Datenschutzerkl\u00e4rung<\/h3>\n\n\n\n<p>Alle zuk\u00fcnftigen \u00c4nderungen unserer Datenschutzrichtlinie werden auf dieser Seite ver\u00f6ffentlicht. Bitte \u00fcberpr\u00fcfen Sie unsere Datenschutzbestimmungen regelm\u00e4\u00dfig auf Aktualisierungen oder \u00c4nderungen.<\/p>\n\n\n\n<h3 class=\"wp-block-heading\">kontaktiere uns<\/h3>\n\n\n\n<p>Wenn Sie Fragen, Kommentare oder W\u00fcnsche zu diesen Datenschutzbestimmungen haben, kontaktieren Sie uns bitte. Dasselbe gilt f\u00fcr den Fall, dass Sie Zugang zu den Informationen haben m\u00f6chten, die wir \u00fcber Sie haben und die \u00fcber diese Website gesammelt werden, oder wenn Sie m\u00f6chten, dass diese Informationen korrigiert, gesperrt oder gel\u00f6scht werden.<\/p>","protected":false},"excerpt":{"rendered":"<p>\u0160to trebate znati prilikom posjete slu\u017ebenih stranica DCM Dubrovnik Izjava o privatnosti Ovom web stranicom (https:\/\/real-estate-dcm.com\/) upravlja DREAM, CREATE &amp; MOVE IN d.o.o. s registriranim sjedi\u0161tem na adresi \u0160umet 41, \u0160umet. Molimo vas da pa\u017eljivo pro\u010ditate ova pravila prije kori\u0161tenja ove Stranice, jer ista sadr\u017ee obja\u0161njenje kako \u0107emo postupati s osobnim podacima i na koji [&hellip;]<\/p>","protected":false},"author":1,"featured_media":0,"parent":0,"menu_order":0,"comment_status":"closed","ping_status":"closed","template":"","meta":{"footnotes":""},"class_list":["post-2302","page","type-page","status-publish","hentry"],"yoast_head":"<!-- This site is optimized with the Yoast SEO plugin v23.2 - https:\/\/yoast.com\/wordpress\/plugins\/seo\/ -->\n<title>Izjava o privatnosti i \u010duvanju podataka | DCM Dubrovnik<\/title>\n<meta name=\"robots\" content=\"index, follow, max-snippet:-1, max-image-preview:large, max-video-preview:-1\" \/>\n<link rel=\"canonical\" href=\"https:\/\/real-estate-dcm.com\/de\/datenschutzerklarung\/\" \/>\n<meta property=\"og:locale\" content=\"de_DE\" \/>\n<meta property=\"og:type\" content=\"article\" \/>\n<meta property=\"og:title\" content=\"Izjava o privatnosti i \u010duvanju podataka | DCM Dubrovnik\" \/>\n<meta property=\"og:description\" content=\"\u0160to trebate znati prilikom posjete slu\u017ebenih stranica DCM Dubrovnik Izjava o privatnosti Ovom web stranicom (https:\/\/real-estate-dcm.com\/) upravlja DREAM, CREATE &amp; MOVE IN d.o.o. s registriranim sjedi\u0161tem na adresi \u0160umet 41, \u0160umet. Molimo vas da pa\u017eljivo pro\u010ditate ova pravila prije kori\u0161tenja ove Stranice, jer ista sadr\u017ee obja\u0161njenje kako \u0107emo postupati s osobnim podacima i na koji [&hellip;]\" \/>\n<meta property=\"og:url\" content=\"https:\/\/real-estate-dcm.com\/de\/datenschutzerklarung\/\" \/>\n<meta property=\"og:site_name\" content=\"DCM Dubrovnik\" \/>\n<meta property=\"article:publisher\" content=\"https:\/\/www.facebook.com\/antonia.damjanovic.7\" \/>\n<meta property=\"article:modified_time\" content=\"2021-05-05T10:03:30+00:00\" \/>\n<meta name=\"twitter:card\" content=\"summary_large_image\" \/>\n<meta name=\"twitter:label1\" content=\"Gesch\u00e4tzte Lesezeit\" \/>\n\t<meta name=\"twitter:data1\" content=\"5\u00a0Minuten\" \/>\n<script type=\"application\/ld+json\" class=\"yoast-schema-graph\">{\"@context\":\"https:\/\/schema.org\",\"@graph\":[{\"@type\":\"WebPage\",\"@id\":\"https:\/\/real-estate-dcm.com\/izjava-o-privatnosti\/\",\"url\":\"https:\/\/real-estate-dcm.com\/izjava-o-privatnosti\/\",\"name\":\"Izjava o privatnosti i \u010duvanju podataka | DCM Dubrovnik\",\"isPartOf\":{\"@id\":\"https:\/\/real-estate-dcm.com\/#website\"},\"datePublished\":\"2021-05-05T10:03:28+00:00\",\"dateModified\":\"2021-05-05T10:03:30+00:00\",\"breadcrumb\":{\"@id\":\"https:\/\/real-estate-dcm.com\/izjava-o-privatnosti\/#breadcrumb\"},\"inLanguage\":\"de\",\"potentialAction\":[{\"@type\":\"ReadAction\",\"target\":[\"https:\/\/real-estate-dcm.com\/izjava-o-privatnosti\/\"]}]},{\"@type\":\"BreadcrumbList\",\"@id\":\"https:\/\/real-estate-dcm.com\/izjava-o-privatnosti\/#breadcrumb\",\"itemListElement\":[{\"@type\":\"ListItem\",\"position\":1,\"name\":\"Po\u010detna stranica\",\"item\":\"https:\/\/real-estate-dcm.com\/\"},{\"@type\":\"ListItem\",\"position\":2,\"name\":\"Izjava o privatnosti i \u010duvanju podataka\"}]},{\"@type\":\"WebSite\",\"@id\":\"https:\/\/real-estate-dcm.com\/#website\",\"url\":\"https:\/\/real-estate-dcm.com\/\",\"name\":\"DCM Dubrovnik\",\"description\":\"Agencija za nekretnine\",\"publisher\":{\"@id\":\"https:\/\/real-estate-dcm.com\/#organization\"},\"potentialAction\":[{\"@type\":\"SearchAction\",\"target\":{\"@type\":\"EntryPoint\",\"urlTemplate\":\"https:\/\/real-estate-dcm.com\/?s={search_term_string}\"},\"query-input\":\"required name=search_term_string\"}],\"inLanguage\":\"de\"},{\"@type\":\"Organization\",\"@id\":\"https:\/\/real-estate-dcm.com\/#organization\",\"name\":\"DCM Dubrovnik\",\"url\":\"https:\/\/real-estate-dcm.com\/\",\"logo\":{\"@type\":\"ImageObject\",\"inLanguage\":\"de\",\"@id\":\"https:\/\/real-estate-dcm.com\/#\/schema\/logo\/image\/\",\"url\":\"https:\/\/real-estate-dcm.com\/wp-content\/uploads\/2021\/04\/DCM-Dubrovnik-mobile-logo-retina-1.jpg\",\"contentUrl\":\"https:\/\/real-estate-dcm.com\/wp-content\/uploads\/2021\/04\/DCM-Dubrovnik-mobile-logo-retina-1.jpg\",\"width\":300,\"height\":99,\"caption\":\"DCM Dubrovnik\"},\"image\":{\"@id\":\"https:\/\/real-estate-dcm.com\/#\/schema\/logo\/image\/\"},\"sameAs\":[\"https:\/\/www.facebook.com\/antonia.damjanovic.7\",\"https:\/\/www.instagram.com\/dcm_realestate\/\",\"https:\/\/hr.linkedin.com\/in\/antonia-damjanovic-526b4420b\"]}]}<\/script>\n<!-- \/ Yoast SEO plugin. -->","yoast_head_json":{"title":"Izjava o privatnosti i \u010duvanju podataka | DCM Dubrovnik","robots":{"index":"index","follow":"follow","max-snippet":"max-snippet:-1","max-image-preview":"max-image-preview:large","max-video-preview":"max-video-preview:-1"},"canonical":"https:\/\/real-estate-dcm.com\/de\/datenschutzerklarung\/","og_locale":"de_DE","og_type":"article","og_title":"Izjava o privatnosti i \u010duvanju podataka | DCM Dubrovnik","og_description":"\u0160to trebate znati prilikom posjete slu\u017ebenih stranica DCM Dubrovnik Izjava o privatnosti Ovom web stranicom (https:\/\/real-estate-dcm.com\/) upravlja DREAM, CREATE &amp; MOVE IN d.o.o. s registriranim sjedi\u0161tem na adresi \u0160umet 41, \u0160umet. Molimo vas da pa\u017eljivo pro\u010ditate ova pravila prije kori\u0161tenja ove Stranice, jer ista sadr\u017ee obja\u0161njenje kako \u0107emo postupati s osobnim podacima i na koji [&hellip;]","og_url":"https:\/\/real-estate-dcm.com\/de\/datenschutzerklarung\/","og_site_name":"DCM Dubrovnik","article_publisher":"https:\/\/www.facebook.com\/antonia.damjanovic.7","article_modified_time":"2021-05-05T10:03:30+00:00","twitter_card":"summary_large_image","twitter_misc":{"Gesch\u00e4tzte Lesezeit":"5\u00a0Minuten"},"schema":{"@context":"https:\/\/schema.org","@graph":[{"@type":"WebPage","@id":"https:\/\/real-estate-dcm.com\/izjava-o-privatnosti\/","url":"https:\/\/real-estate-dcm.com\/izjava-o-privatnosti\/","name":"Izjava o privatnosti i \u010duvanju podataka | DCM Dubrovnik","isPartOf":{"@id":"https:\/\/real-estate-dcm.com\/#website"},"datePublished":"2021-05-05T10:03:28+00:00","dateModified":"2021-05-05T10:03:30+00:00","breadcrumb":{"@id":"https:\/\/real-estate-dcm.com\/izjava-o-privatnosti\/#breadcrumb"},"inLanguage":"de","potentialAction":[{"@type":"ReadAction","target":["https:\/\/real-estate-dcm.com\/izjava-o-privatnosti\/"]}]},{"@type":"BreadcrumbList","@id":"https:\/\/real-estate-dcm.com\/izjava-o-privatnosti\/#breadcrumb","itemListElement":[{"@type":"ListItem","position":1,"name":"Po\u010detna stranica","item":"https:\/\/real-estate-dcm.com\/"},{"@type":"ListItem","position":2,"name":"Izjava o privatnosti i \u010duvanju podataka"}]},{"@type":"WebSite","@id":"https:\/\/real-estate-dcm.com\/#website","url":"https:\/\/real-estate-dcm.com\/","name":"DCM Dubrovnik","description":"Agencija za nekretnine","publisher":{"@id":"https:\/\/real-estate-dcm.com\/#organization"},"potentialAction":[{"@type":"SearchAction","target":{"@type":"EntryPoint","urlTemplate":"https:\/\/real-estate-dcm.com\/?s={search_term_string}"},"query-input":"required name=search_term_string"}],"inLanguage":"de"},{"@type":"Organization","@id":"https:\/\/real-estate-dcm.com\/#organization","name":"DCM Dubrovnik","url":"https:\/\/real-estate-dcm.com\/","logo":{"@type":"ImageObject","inLanguage":"de","@id":"https:\/\/real-estate-dcm.com\/#\/schema\/logo\/image\/","url":"https:\/\/real-estate-dcm.com\/wp-content\/uploads\/2021\/04\/DCM-Dubrovnik-mobile-logo-retina-1.jpg","contentUrl":"https:\/\/real-estate-dcm.com\/wp-content\/uploads\/2021\/04\/DCM-Dubrovnik-mobile-logo-retina-1.jpg","width":300,"height":99,"caption":"DCM Dubrovnik"},"image":{"@id":"https:\/\/real-estate-dcm.com\/#\/schema\/logo\/image\/"},"sameAs":["https:\/\/www.facebook.com\/antonia.damjanovic.7","https:\/\/www.instagram.com\/dcm_realestate\/","https:\/\/hr.linkedin.com\/in\/antonia-damjanovic-526b4420b"]}]}},"_links":{"self":[{"href":"https:\/\/real-estate-dcm.com\/de\/wp-json\/wp\/v2\/pages\/2302","targetHints":{"allow":["GET"]}}],"collection":[{"href":"https:\/\/real-estate-dcm.com\/de\/wp-json\/wp\/v2\/pages"}],"about":[{"href":"https:\/\/real-estate-dcm.com\/de\/wp-json\/wp\/v2\/types\/page"}],"author":[{"embeddable":true,"href":"https:\/\/real-estate-dcm.com\/de\/wp-json\/wp\/v2\/users\/1"}],"replies":[{"embeddable":true,"href":"https:\/\/real-estate-dcm.com\/de\/wp-json\/wp\/v2\/comments?post=2302"}],"version-history":[{"count":0,"href":"https:\/\/real-estate-dcm.com\/de\/wp-json\/wp\/v2\/pages\/2302\/revisions"}],"wp:attachment":[{"href":"https:\/\/real-estate-dcm.com\/de\/wp-json\/wp\/v2\/media?parent=2302"}],"curies":[{"name":"wp","href":"https:\/\/api.w.org\/{rel}","templated":true}]}}