{"id":4990,"date":"2021-05-05T10:03:28","date_gmt":"2021-05-05T10:03:28","guid":{"rendered":"https:\/\/real-estate-dcm.com\/privacy-and-data-retention-statement\/"},"modified":"2023-09-05T08:39:40","modified_gmt":"2023-09-05T08:39:40","slug":"privacy-and-data-retention-statement","status":"publish","type":"page","link":"https:\/\/real-estate-dcm.com\/de\/erklarung-zum-datenschutz-und-zur-datenspeicherung\/","title":{"rendered":"Erkl\u00e4rung zum Datenschutz und zur Datenspeicherung"},"content":{"rendered":"<h2 class=\"wp-block-heading\">Was Sie wissen m\u00fcssen, wenn Sie die offizielle Website von DCM Dubrovnik besuchen<\/h2>\n\n<h3 class=\"wp-block-heading\">Datenschutzrichtlinie<\/h3>\n\n<p>Diese Internetseite (<strong>\n  <a href=\"https:\/\/real-estate-dcm.com\/en\/\">https:\/\/real-estate-dcm.com\/<\/a>\n<\/strong>) wird betrieben <strong>von DREAM, CREATE &amp; MOVE IN doo<\/strong> mit Sitz in \u0160umet 41, \u0160umet.<\/p>\n\n<p>Bitte lesen Sie diese Richtlinie sorgf\u00e4ltig durch, bevor Sie diese Website nutzen, da darin erl\u00e4utert wird, wie wir mit personenbezogenen Daten umgehen und wie wir Cookies verwenden. Durch die Nutzung dieser Website erkl\u00e4ren Sie sich mit dieser Richtlinie einverstanden. Wenn Sie den Inhalt dieser Richtlinie nicht akzeptieren, nutzen Sie diese Website nicht.<\/p>\n\n<h3 class=\"wp-block-heading\">Arten von Daten, die wir verarbeiten \/ Links zu anderen Websites<\/h3>\n\n<p>DCM Dubrovnik k\u00fcmmert sich um den Schutz Ihrer Privatsph\u00e4re. \u00dcber diese Website erhebt und verarbeitet DCM Dubrovnik keine personenbezogenen Daten, mit Ausnahme der durch Cookies gesammelten Informationen, wie weiter unten in dieser Richtlinie erl\u00e4utert.<\/p>\n\n<p>Diese Website kann Links zu anderen DCM Dubrovnik-Websites oder Websites unserer Gesch\u00e4ftspartner, anderen verbundenen Unternehmen oder Social-Media-Websites enthalten. Wenn Sie auf einen solchen Link zu einer anderen Website von DCM Dubrovnik oder einer Website Dritter klicken, beachten Sie bitte, dass diese Websites ihre eigenen Regeln zum Schutz privater Daten haben. Bitte \u00fcberpr\u00fcfen Sie deren Datenschutzbestimmungen, wenn Sie diese Websites nutzen.<\/p>\n\n<p>Bitte beachten Sie, dass DCM Dubrovnik keine Verantwortung oder Haftung f\u00fcr Websites Dritter \u00fcbernehmen kann.<\/p>\n\n<h3 class=\"wp-block-heading\">Erhebung und Nutzung von Informationen<\/h3>\n\n<p>Um die Website im Hinblick auf den Systembetrieb, ihre Nutzung und die Bereitstellung n\u00fctzlicher Informationen \u00fcber unsere Produkte und Dienstleistungen zu verbessern, erfassen und speichern wir automatisch Informationen in Protokolldateien auf Ihrem Computer. Dazu geh\u00f6ren Ihre Internet Protocol (IP)-Adresse, Browsertyp und Spracheinstellungen, Betriebssystem, Internetdienstanbieter (ISP) und Datums-\/Zeitstempel.<\/p>\n\n<p>Wir verwenden diese Informationen, um unsere Website effektiv zu verwalten, mehr Erkenntnisse \u00fcber das Verhalten der Besucher unserer Website zu gewinnen, Trends zu analysieren und demografische Informationen \u00fcber unsere Benutzer insgesamt zu sammeln. Die erfassten Daten k\u00f6nnen f\u00fcr unsere Marketing- und Werbedienstleistungen sowie f\u00fcr die Kommunikation verwendet werden (z. B. zur Optimierung und Verbesserung des Benutzererlebnisses, zur Bereitstellung einer gr\u00f6\u00dferen Anzahl attraktiver Sonderangebote und Dienstleistungen).<\/p>\n\n<p>Im Falle der Verwendung nicht personenbezogener Daten in Verbindung mit personenbezogenen Daten werden diese Informationen als personenbezogene Daten behandelt, solange sie zusammen verwendet werden.<\/p>\n\n<h3 class=\"wp-block-heading\">Verwendung von Cookies<\/h3>\n\n<p>Diese Website, E-Mail-Nachrichten, Online-Dienste, Werbung und interaktive Anwendungen k\u00f6nnen \u201eCookies\u201c verwenden, um unsere Dienste zu verbessern.<\/p>\n\n<h3 class=\"wp-block-heading\">Was ist ein \u201eCookie\u201c?<\/h3>\n\n<p>Ein \u201eCookie\u201c ist eine kleine Datei, die normalerweise aus Buchstaben und Zahlen besteht und die wir \u00fcber unseren Webserver an eine Cookie-Datei Ihres Browsers auf der Festplatte Ihres Computers senden. Dies erm\u00f6glicht es unserer Seite beispielsweise, das Ger\u00e4t des Nutzers zu erkennen, wenn eine Verbindung zwischen dem Webserver und dem Webbrowser hergestellt wird. Der Hauptzweck von Cookies besteht darin, unserem Webserver die Anzeige benutzerfreundlicher Websites zu erm\u00f6glichen, die das Nutzungserlebnis pers\u00f6nlicher gestalten und besser auf die pers\u00f6nlichen Bed\u00fcrfnisse des Benutzers zugeschnitten sind. Welche Arten von Cookies verwendet diese Website?<\/p>\n\n<p><strong>DCM Dubrovnik kann auf dieser Website zwei Arten von Cookies verwenden:<\/strong><br\/>Tempor\u00e4re Cookies (\u201eSitzungscookies\u201c): Hierbei handelt es sich um tempor\u00e4re Cookies, die in der Cookie-Datei Ihres Browsers verbleiben, bis Sie Ihre Suche abgeschlossen haben. Diese Cookies sind f\u00fcr den ordnungsgem\u00e4\u00dfen Betrieb bestimmter Anwendungen oder Funktionen auf der Website zwingend erforderlich.<br\/>Dauerhafte Cookies: Wir k\u00f6nnen dauerhafte Cookies verwenden, um die Erfahrung unserer Benutzer zu verbessern (z. B. Bereitstellung einer optimierten Navigation). Diese Cookies verbleiben f\u00fcr lange Zeit in der Cookie-Datei Ihres Browsers. Dieser Zeitraum h\u00e4ngt von den Einstellungen Ihres Internetbrowsers ab. Persistente Cookies erm\u00f6glichen die \u00dcbermittlung von Daten an einen Webserver bei jedem Besuch der Website. Permanente Cookies werden auch Begleitcookies genannt.<\/p>\n\n<p>Wenn Sie mehr \u00fcber Cookies erfahren m\u00f6chten, gibt es viele Online-Ver\u00f6ffentlichungen dar\u00fcber.<\/p>\n\n<h3 class=\"wp-block-heading\">Cookies von Drittanbietern<\/h3>\n\n<p>DCM Dubrovnik kann Drittwerbetreibende einsetzen, um unsere Marketingkommunikation zu bewerben und zu verbessern. Werbetreibende Dritter verwenden Cookies, um die Wirksamkeit von Werbung zu messen und Werbung pers\u00f6nlicher zu gestalten. Zu den von Drittwerbetreibenden gesammelten Informationen k\u00f6nnen Informationen wie Geolokalisierungsdaten (die sich aus einer IP-Adresse ergeben) oder Kontaktinformationen wie eine E-Mail-Adresse geh\u00f6ren, wenn sie \u00fcber diese Website erfasst werden.<\/p>\n\n<h3 class=\"wp-block-heading\">Web-Tags und Pixel-Tags<\/h3>\n\n<p>Diese Seite enth\u00e4lt Web-Tags (auch \u201ePixel-Tags\u201c genannt). Ein Web-Tag ist h\u00e4ufig ein transparentes grafisches Bild, das in der Regel nicht gr\u00f6\u00dfer als 1 x 1 Pixel ist und auf einer Website oder in einer E-Mail gehostet wird und zur \u00dcberwachung des Online-Verhaltens von Benutzern verwendet wird, die die jeweilige Website besuchen oder eine E-Mail senden. Web-Beacons nutzen Technologien von Drittanbietern, um die Aktivit\u00e4t der Besucher unserer Website zu \u00fcberwachen. Es erm\u00f6glicht die Verfolgung, welcher Computer wann und von wo aus auf eine bestimmte Website zugegriffen hat (auf Landes-\/Stadtebene).<\/p>\n\n<h3 class=\"wp-block-heading\">\u00dcberwachung und Analyse<\/h3>\n\n<p>Um unsere Marketingkommunikation kontinuierlich zu verbessern, nutzen wir Google Analytics-Dienste. Diese Informationen werden durch Tracking-Tags und\/oder Cookies erfasst. Die durch Tracking-Tags und\/oder Cookies gesammelten Informationen sind anonym und werden nicht mit personenbezogenen Daten verkn\u00fcpft.<\/p>\n\n<h3 class=\"wp-block-heading\">Aktivieren oder deaktivieren Sie Cookies und \u00e4hnliche Technologien<\/h3>\n\n<p>Sie haben die M\u00f6glichkeit, alle Cookies auf allen von Ihnen besuchten Websites zu akzeptieren oder abzulehnen, indem Sie die Einstellungen Ihres Internetbrowsers \u00e4ndern. Wenn Sie beispielsweise Internet Explorer Version 8.0 verwenden, m\u00fcssen Sie Folgendes tun: 1. Klicken Sie auf die Schaltfl\u00e4che \u201eExtras\u201c und dann auf \u201eInternetoptionen\u201c. 2. Klicken Sie auf die Registerkarte \u201eDatenschutz\u201c. 3. W\u00e4hlen Sie mit dem Schieberegler die entsprechenden Einstellungen aus.<\/p>\n\n<p>F\u00fcr andere Internetbrowser lesen Sie bitte die Anleitung Ihres Browsers, um mehr dar\u00fcber zu erfahren, wie Sie Ihre Browsereinstellungen \u00e4ndern oder Cookies l\u00f6schen k\u00f6nnen.<\/p>\n\n<p>Bitte beachten Sie, dass bestimmte Inhalte und die volle Funktionalit\u00e4t dieser Website nicht verf\u00fcgbar sind, wenn Cookies deaktiviert sind.<\/p>\n\n<h3 class=\"wp-block-heading\">\u00c4nderungen unserer Datenschutzerkl\u00e4rung<\/h3>\n\n<p>Alle zuk\u00fcnftigen \u00c4nderungen unserer Datenschutzrichtlinie werden auf dieser Seite ver\u00f6ffentlicht. Bitte \u00fcberpr\u00fcfen Sie unsere Datenschutzbestimmungen regelm\u00e4\u00dfig auf Aktualisierungen oder \u00c4nderungen.<\/p>\n\n<h3 class=\"wp-block-heading\">Kontaktiere uns<\/h3>\n\n<p>Wenn Sie Fragen, Kommentare und W\u00fcnsche zu dieser Datenschutzerkl\u00e4rung haben, kontaktieren Sie uns bitte. Das Gleiche gilt f\u00fcr den Fall, dass Sie Zugang zu den von uns \u00fcber Sie gespeicherten Informationen erhalten m\u00f6chten, die \u00fcber diese Website erfasst wurden, oder wenn Sie m\u00f6chten, dass diese Informationen korrigiert, gesperrt oder gel\u00f6scht werden.<\/p>","protected":false},"excerpt":{"rendered":"<p>What you need to know when visiting the official website of DCM Dubrovnik Privacy Policy This website ( https:\/\/real-estate-dcm.com\/ ) is operated by DREAM, CREATE &amp; MOVE IN d.o.o. with its registered office at \u0160umet 41, \u0160umet. Please read this policy carefully before using this Site, as it explains how we will handle personal data [&hellip;]<\/p>","protected":false},"author":1,"featured_media":0,"parent":0,"menu_order":0,"comment_status":"closed","ping_status":"closed","template":"","meta":{"footnotes":""},"class_list":["post-4990","page","type-page","status-publish","hentry"],"yoast_head":"<!-- This site is optimized with the Yoast SEO plugin v23.2 - https:\/\/yoast.com\/wordpress\/plugins\/seo\/ -->\n<title>Privacy and data retention statement | DCM Dubrovnik<\/title>\n<meta name=\"robots\" content=\"index, follow, max-snippet:-1, max-image-preview:large, max-video-preview:-1\" \/>\n<link rel=\"canonical\" href=\"https:\/\/real-estate-dcm.com\/de\/privacy-and-data-retention-statement\/\" \/>\n<meta property=\"og:locale\" content=\"de_DE\" \/>\n<meta property=\"og:type\" content=\"article\" \/>\n<meta property=\"og:title\" content=\"Privacy and data retention statement | DCM Dubrovnik\" \/>\n<meta property=\"og:description\" content=\"What you need to know when visiting the official website of DCM Dubrovnik Privacy Policy This website ( https:\/\/real-estate-dcm.com\/ ) is operated by DREAM, CREATE &amp; MOVE IN d.o.o. with its registered office at \u0160umet 41, \u0160umet. Please read this policy carefully before using this Site, as it explains how we will handle personal data [&hellip;]\" \/>\n<meta property=\"og:url\" content=\"https:\/\/real-estate-dcm.com\/de\/privacy-and-data-retention-statement\/\" \/>\n<meta property=\"og:site_name\" content=\"DCM Dubrovnik\" \/>\n<meta property=\"article:publisher\" content=\"https:\/\/www.facebook.com\/antonia.damjanovic.7\" \/>\n<meta property=\"article:modified_time\" content=\"2023-09-05T08:39:40+00:00\" \/>\n<meta name=\"twitter:card\" content=\"summary_large_image\" \/>\n<meta name=\"twitter:label1\" content=\"Gesch\u00e4tzte Lesezeit\" \/>\n\t<meta name=\"twitter:data1\" content=\"5\u00a0Minuten\" \/>\n<script type=\"application\/ld+json\" class=\"yoast-schema-graph\">{\"@context\":\"https:\/\/schema.org\",\"@graph\":[{\"@type\":\"WebPage\",\"@id\":\"https:\/\/real-estate-dcm.com\/en\/privacy-and-data-retention-statement\/\",\"url\":\"https:\/\/real-estate-dcm.com\/en\/privacy-and-data-retention-statement\/\",\"name\":\"Privacy and data retention statement | DCM Dubrovnik\",\"isPartOf\":{\"@id\":\"https:\/\/real-estate-dcm.com\/#website\"},\"datePublished\":\"2021-05-05T10:03:28+00:00\",\"dateModified\":\"2023-09-05T08:39:40+00:00\",\"breadcrumb\":{\"@id\":\"https:\/\/real-estate-dcm.com\/en\/privacy-and-data-retention-statement\/#breadcrumb\"},\"inLanguage\":\"de\",\"potentialAction\":[{\"@type\":\"ReadAction\",\"target\":[\"https:\/\/real-estate-dcm.com\/en\/privacy-and-data-retention-statement\/\"]}]},{\"@type\":\"BreadcrumbList\",\"@id\":\"https:\/\/real-estate-dcm.com\/en\/privacy-and-data-retention-statement\/#breadcrumb\",\"itemListElement\":[{\"@type\":\"ListItem\",\"position\":1,\"name\":\"Po\u010detna stranica\",\"item\":\"https:\/\/real-estate-dcm.com\/\"},{\"@type\":\"ListItem\",\"position\":2,\"name\":\"Privacy and data retention statement\"}]},{\"@type\":\"WebSite\",\"@id\":\"https:\/\/real-estate-dcm.com\/#website\",\"url\":\"https:\/\/real-estate-dcm.com\/\",\"name\":\"DCM Dubrovnik\",\"description\":\"Agencija za nekretnine\",\"publisher\":{\"@id\":\"https:\/\/real-estate-dcm.com\/#organization\"},\"potentialAction\":[{\"@type\":\"SearchAction\",\"target\":{\"@type\":\"EntryPoint\",\"urlTemplate\":\"https:\/\/real-estate-dcm.com\/?s={search_term_string}\"},\"query-input\":\"required name=search_term_string\"}],\"inLanguage\":\"de\"},{\"@type\":\"Organization\",\"@id\":\"https:\/\/real-estate-dcm.com\/#organization\",\"name\":\"DCM Dubrovnik\",\"url\":\"https:\/\/real-estate-dcm.com\/\",\"logo\":{\"@type\":\"ImageObject\",\"inLanguage\":\"de\",\"@id\":\"https:\/\/real-estate-dcm.com\/#\/schema\/logo\/image\/\",\"url\":\"https:\/\/real-estate-dcm.com\/wp-content\/uploads\/2021\/04\/DCM-Dubrovnik-mobile-logo-retina-1.jpg\",\"contentUrl\":\"https:\/\/real-estate-dcm.com\/wp-content\/uploads\/2021\/04\/DCM-Dubrovnik-mobile-logo-retina-1.jpg\",\"width\":300,\"height\":99,\"caption\":\"DCM Dubrovnik\"},\"image\":{\"@id\":\"https:\/\/real-estate-dcm.com\/#\/schema\/logo\/image\/\"},\"sameAs\":[\"https:\/\/www.facebook.com\/antonia.damjanovic.7\",\"https:\/\/www.instagram.com\/dcm_realestate\/\",\"https:\/\/hr.linkedin.com\/in\/antonia-damjanovic-526b4420b\"]}]}<\/script>\n<!-- \/ Yoast SEO plugin. -->","yoast_head_json":{"title":"Privacy and data retention statement | DCM Dubrovnik","robots":{"index":"index","follow":"follow","max-snippet":"max-snippet:-1","max-image-preview":"max-image-preview:large","max-video-preview":"max-video-preview:-1"},"canonical":"https:\/\/real-estate-dcm.com\/de\/privacy-and-data-retention-statement\/","og_locale":"de_DE","og_type":"article","og_title":"Privacy and data retention statement | DCM Dubrovnik","og_description":"What you need to know when visiting the official website of DCM Dubrovnik Privacy Policy This website ( https:\/\/real-estate-dcm.com\/ ) is operated by DREAM, CREATE &amp; MOVE IN d.o.o. with its registered office at \u0160umet 41, \u0160umet. Please read this policy carefully before using this Site, as it explains how we will handle personal data [&hellip;]","og_url":"https:\/\/real-estate-dcm.com\/de\/privacy-and-data-retention-statement\/","og_site_name":"DCM Dubrovnik","article_publisher":"https:\/\/www.facebook.com\/antonia.damjanovic.7","article_modified_time":"2023-09-05T08:39:40+00:00","twitter_card":"summary_large_image","twitter_misc":{"Gesch\u00e4tzte Lesezeit":"5\u00a0Minuten"},"schema":{"@context":"https:\/\/schema.org","@graph":[{"@type":"WebPage","@id":"https:\/\/real-estate-dcm.com\/en\/privacy-and-data-retention-statement\/","url":"https:\/\/real-estate-dcm.com\/en\/privacy-and-data-retention-statement\/","name":"Privacy and data retention statement | DCM Dubrovnik","isPartOf":{"@id":"https:\/\/real-estate-dcm.com\/#website"},"datePublished":"2021-05-05T10:03:28+00:00","dateModified":"2023-09-05T08:39:40+00:00","breadcrumb":{"@id":"https:\/\/real-estate-dcm.com\/en\/privacy-and-data-retention-statement\/#breadcrumb"},"inLanguage":"de","potentialAction":[{"@type":"ReadAction","target":["https:\/\/real-estate-dcm.com\/en\/privacy-and-data-retention-statement\/"]}]},{"@type":"BreadcrumbList","@id":"https:\/\/real-estate-dcm.com\/en\/privacy-and-data-retention-statement\/#breadcrumb","itemListElement":[{"@type":"ListItem","position":1,"name":"Po\u010detna stranica","item":"https:\/\/real-estate-dcm.com\/"},{"@type":"ListItem","position":2,"name":"Privacy and data retention statement"}]},{"@type":"WebSite","@id":"https:\/\/real-estate-dcm.com\/#website","url":"https:\/\/real-estate-dcm.com\/","name":"DCM Dubrovnik","description":"Agencija za nekretnine","publisher":{"@id":"https:\/\/real-estate-dcm.com\/#organization"},"potentialAction":[{"@type":"SearchAction","target":{"@type":"EntryPoint","urlTemplate":"https:\/\/real-estate-dcm.com\/?s={search_term_string}"},"query-input":"required name=search_term_string"}],"inLanguage":"de"},{"@type":"Organization","@id":"https:\/\/real-estate-dcm.com\/#organization","name":"DCM Dubrovnik","url":"https:\/\/real-estate-dcm.com\/","logo":{"@type":"ImageObject","inLanguage":"de","@id":"https:\/\/real-estate-dcm.com\/#\/schema\/logo\/image\/","url":"https:\/\/real-estate-dcm.com\/wp-content\/uploads\/2021\/04\/DCM-Dubrovnik-mobile-logo-retina-1.jpg","contentUrl":"https:\/\/real-estate-dcm.com\/wp-content\/uploads\/2021\/04\/DCM-Dubrovnik-mobile-logo-retina-1.jpg","width":300,"height":99,"caption":"DCM Dubrovnik"},"image":{"@id":"https:\/\/real-estate-dcm.com\/#\/schema\/logo\/image\/"},"sameAs":["https:\/\/www.facebook.com\/antonia.damjanovic.7","https:\/\/www.instagram.com\/dcm_realestate\/","https:\/\/hr.linkedin.com\/in\/antonia-damjanovic-526b4420b"]}]}},"_links":{"self":[{"href":"https:\/\/real-estate-dcm.com\/de\/wp-json\/wp\/v2\/pages\/4990","targetHints":{"allow":["GET"]}}],"collection":[{"href":"https:\/\/real-estate-dcm.com\/de\/wp-json\/wp\/v2\/pages"}],"about":[{"href":"https:\/\/real-estate-dcm.com\/de\/wp-json\/wp\/v2\/types\/page"}],"author":[{"embeddable":true,"href":"https:\/\/real-estate-dcm.com\/de\/wp-json\/wp\/v2\/users\/1"}],"replies":[{"embeddable":true,"href":"https:\/\/real-estate-dcm.com\/de\/wp-json\/wp\/v2\/comments?post=4990"}],"version-history":[{"count":0,"href":"https:\/\/real-estate-dcm.com\/de\/wp-json\/wp\/v2\/pages\/4990\/revisions"}],"wp:attachment":[{"href":"https:\/\/real-estate-dcm.com\/de\/wp-json\/wp\/v2\/media?parent=4990"}],"curies":[{"name":"wp","href":"https:\/\/api.w.org\/{rel}","templated":true}]}}