{"id":24,"date":"2020-09-10T14:43:11","date_gmt":"2020-09-10T14:43:11","guid":{"rendered":"https:\/\/demo18.houzez.co\/?page_id=24"},"modified":"2021-08-06T12:25:50","modified_gmt":"2021-08-06T12:25:50","slug":"kontaktirajte-nas","status":"publish","type":"page","link":"https:\/\/real-estate-dcm.com\/es\/contactenos\/","title":{"rendered":"Cont\u00e1ctenos"},"content":{"rendered":"<div data-elementor-type=\"wp-page\" data-elementor-id=\"24\" class=\"elementor elementor-24\">\n\t\t\t\t\t\t\t\t\t<section class=\"elementor-section elementor-top-section elementor-element elementor-element-b80851c elementor-section-height-min-height elementor-section-boxed elementor-section-height-default elementor-section-items-middle\" data-id=\"b80851c\" data-element_type=\"section\" data-settings=\"{&quot;background_background&quot;:&quot;classic&quot;,&quot;shape_divider_bottom&quot;:&quot;waves&quot;,&quot;shape_divider_bottom_negative&quot;:&quot;yes&quot;}\">\n\t\t\t\t\t\t\t<div class=\"elementor-background-overlay\"><\/div>\n\t\t\t\t\t\t<div class=\"elementor-shape elementor-shape-bottom\" data-negative=\"true\">\n\t\t\t<svg xmlns=\"http:\/\/www.w3.org\/2000\/svg\" viewbox=\"0 0 1000 100\" preserveaspectratio=\"none\">\n\t<path class=\"elementor-shape-fill\" d=\"M790.5,93.1c-59.3-5.3-116.8-18-192.6-50c-29.6-12.7-76.9-31-100.5-35.9c-23.6-4.9-52.6-7.8-75.5-5.3\tc-10.2,1.1-22.6,1.4-50.1,7.4c-27.2,6.3-58.2,16.6-79.4,24.7c-41.3,15.9-94.9,21.9-134,22.6C72,58.2,0,25.8,0,25.8V100h1000V65.3\tc0,0-51.5,19.4-106.2,25.7C839.5,97,814.1,95.2,790.5,93.1z\"\/>\n<\/svg>\t\t<\/div>\n\t\t\t\t\t<div class=\"elementor-container elementor-column-gap-default\">\n\t\t\t\t\t<div class=\"elementor-column elementor-col-50 elementor-top-column elementor-element elementor-element-10cd9e8\" data-id=\"10cd9e8\" data-element_type=\"column\">\n\t\t\t<div class=\"elementor-widget-wrap elementor-element-populated\">\n\t\t\t\t\t\t\t\t<div class=\"elementor-element elementor-element-8dedb24 elementor-invisible elementor-widget elementor-widget-heading\" data-id=\"8dedb24\" data-element_type=\"widget\" data-settings=\"{&quot;_animation&quot;:&quot;fadeIn&quot;}\" data-widget_type=\"heading.default\">\n\t\t\t\t<div class=\"elementor-widget-container\">\n\t\t\t<h1 class=\"elementor-heading-title elementor-size-default\">Cont\u00e1ctenos<\/h1>\t\t<\/div>\n\t\t\t\t<\/div>\n\t\t\t\t<div class=\"elementor-element elementor-element-b436a25 elementor-widget elementor-widget-houzez-property-breadcrumb\" data-id=\"b436a25\" data-element_type=\"widget\" data-widget_type=\"houzez-property-breadcrumb.default\">\n\t\t\t\t<div class=\"elementor-widget-container\">\n\t\t\t<div class=\"breadcrumb-wrap\"><ol class=\"breadcrumb\"><li class=\"breadcrumb-item\"><a href=\"https:\/\/real-estate-dcm.com\/es\/\"><span>Home<\/span><\/a><\/li><li class=\"breadcrumb-item active\">P\u00e1ginas<\/li><\/ol><\/div>\t\t<\/div>\n\t\t\t\t<\/div>\n\t\t\t\t\t<\/div>\n\t\t<\/div>\n\t\t\t\t<div class=\"elementor-column elementor-col-50 elementor-top-column elementor-element elementor-element-cf2687e\" data-id=\"cf2687e\" data-element_type=\"column\">\n\t\t\t<div class=\"elementor-widget-wrap\">\n\t\t\t\t\t\t\t\t\t<\/div>\n\t\t<\/div>\n\t\t\t\t\t\t\t<\/div>\n\t\t<\/section>\n\t\t\t\t<section class=\"elementor-section elementor-top-section elementor-element elementor-element-6a87a13e elementor-section-boxed elementor-section-height-default elementor-section-height-default\" data-id=\"6a87a13e\" data-element_type=\"section\" data-settings=\"{&quot;background_background&quot;:&quot;classic&quot;}\">\n\t\t\t\t\t\t<div class=\"elementor-container elementor-column-gap-default\">\n\t\t\t\t\t<div class=\"elementor-column elementor-col-100 elementor-top-column elementor-element elementor-element-78fc02b0\" data-id=\"78fc02b0\" data-element_type=\"column\">\n\t\t\t<div class=\"elementor-widget-wrap elementor-element-populated\">\n\t\t\t\t\t\t\t\t<div class=\"elementor-element elementor-element-3d28118c elementor-widget elementor-widget-houzez_elementor_space\" data-id=\"3d28118c\" data-element_type=\"widget\" data-widget_type=\"houzez_elementor_space.default\">\n\t\t\t\t<div class=\"elementor-widget-container\">\n\t\t\t        <div class=\"houzez-spacer\">\n            <div class=\"houzez-spacer-inner\"><\/div>\n        <\/div>\n        \t\t<\/div>\n\t\t\t\t<\/div>\n\t\t\t\t<section class=\"elementor-section elementor-inner-section elementor-element elementor-element-21520b26 animated-slow elementor-section-boxed elementor-section-height-default elementor-section-height-default elementor-invisible\" data-id=\"21520b26\" data-element_type=\"section\" data-settings=\"{&quot;background_background&quot;:&quot;classic&quot;,&quot;animation&quot;:&quot;fadeIn&quot;}\">\n\t\t\t\t\t\t<div class=\"elementor-container elementor-column-gap-no\">\n\t\t\t\t\t<div class=\"elementor-column elementor-col-100 elementor-inner-column elementor-element elementor-element-53ea3723\" data-id=\"53ea3723\" data-element_type=\"column\">\n\t\t\t<div class=\"elementor-widget-wrap elementor-element-populated\">\n\t\t\t\t\t\t\t\t<div class=\"elementor-element elementor-element-4f9f208 elementor-invisible elementor-widget elementor-widget-houzez_elementor_section_title\" data-id=\"4f9f208\" data-element_type=\"widget\" data-settings=\"{&quot;_animation&quot;:&quot;fadeIn&quot;}\" data-widget_type=\"houzez_elementor_section_title.default\">\n\t\t\t\t<div class=\"elementor-widget-container\">\n\t\t\t            <div class=\"houzez_section_title_wrap section-title-module\">\n                \n                                    <p class=\"houzez_section_subtitle\">Introduce tus datos y nos pondremos en contacto contigo lo antes posible.<\/p>\n                            <\/div>\n            \t\t<\/div>\n\t\t\t\t<\/div>\n\t\t\t\t<div class=\"elementor-element elementor-element-2e3c96c9 elementor-button-align-stretch elementor-widget elementor-widget-houzez_elementor_inquiry_form\" data-id=\"2e3c96c9\" data-element_type=\"widget\" data-widget_type=\"houzez_elementor_inquiry_form.default\">\n\t\t\t\t<div class=\"elementor-widget-container\">\n\t\t\t\n        <script type=\"application\/javascript\">\n            jQuery(document).bind(\"ready\", function () {\n                houzezValidateElementor(\"#houzez-form-2e3c96c9\" );\n            });\n        <\/script>\n\n\n        <form class=\"elementor-form\" id=\"houzez-form-2e3c96c9\" method=\"post\" name=\"New Form\" action=\"https:\/\/real-estate-dcm.com\/wp-admin\/admin-ajax.php\">\n            <input type=\"hidden\" name=\"form_id\" value=\"2e3c96c9\"\/>\n            <input type=\"hidden\" name=\"action\" value=\"houzez_ele_inquiry_form\" \/>\n            <input type=\"hidden\" name=\"source_link\" value=\"https:\/\/real-estate-dcm.com\/es\/contactenos\/\" \/>\n            <input type=\"hidden\" name=\"lead_page_id\" value=\"24\" \/>\n            <input type=\"hidden\" name=\"is_estimation\" value=\"yes\" \/>\n            <input type=\"hidden\" name=\"email_to\" value=\"info@dcmi.hr\" \/>\n            <input type=\"hidden\" name=\"email_subject\" value=\"Nova poruka od &quot;DCM Dubrovnik01&quot;\" \/>\n            <input type=\"hidden\" name=\"email_to_cc\" value=\"\" \/>\n            <input type=\"hidden\" name=\"email_to_bcc\" value=\"\" \/>\n            <input type=\"hidden\" name=\"webhook\" value=\"false\" \/>\n            <input type=\"hidden\" name=\"webhook_url\" value=\"\" \/>\n            <input type=\"hidden\" name=\"redirect_to\" value=\"\" \/>\n            <input type=\"hidden\" name=\"google_recaptcha\" value=\"yes\" \/>\n\n            <div class=\"elementor-form-fields-wrapper elementor-labels-above\">\n\n                                    <div class=\"elementor-field-group elementor-column form-group elementor-field-group-cc6b92f elementor-col-50 elementor-field-required\">\n                    <input type=\"text\" name=\"first_name\" id=\"form-field-cc6b92f\" class=\"elementor-field form-control elementor-size-lg elementor-field-textual\" placeholder=\"Su nombre\" title=\"* Su nombre\" required=\"required\">                    <\/div>\n\n                                        <div class=\"elementor-field-group elementor-column form-group elementor-field-group-3cc124e elementor-col-50\">\n                    <input type=\"text\" name=\"last_name\" id=\"form-field-3cc124e\" class=\"elementor-field form-control elementor-size-lg elementor-field-textual\" placeholder=\"Tu apellido\" title=\"* Tu apellido\">                    <\/div>\n\n                                        <div class=\"elementor-field-group elementor-column form-group elementor-field-group-932d82c elementor-col-50 elementor-field-required\">\n                    <input type=\"email\" name=\"email\" id=\"form-field-932d82c\" class=\"elementor-field form-control elementor-size-lg elementor-field-textual\" placeholder=\"Direcci\u00f3n de correo electr\u00f3nico\" title=\"* Direcci\u00f3n de correo electr\u00f3nico\" required=\"required\">                    <\/div>\n\n                                        <div class=\"elementor-field-group elementor-column form-group elementor-field-group-304b68f elementor-col-50 elementor-field-required\">\n                    <input type=\"text\" name=\"mobile\" id=\"form-field-304b68f\" class=\"elementor-field form-control elementor-size-lg elementor-field-textual\" placeholder=\"Tel\u00e9fono m\u00f3vil\" title=\"* Tel\u00e9fono m\u00f3vil\" required=\"required\">                    <\/div>\n\n                                        <div class=\"elementor-field-group elementor-column form-group elementor-field-group-95c61a9 elementor-col-100\">\n                    <label for=\"form-field-95c61a9\" class=\"elementor-field-label\">Mensaje<\/label><textarea class=\"elementor-field-textual elementor-field elementor-size-lg\" name=\"message\" id=\"form-field-95c61a9\" rows=\"4\"><\/textarea>                    <\/div>\n\n                    \n                                        <div class=\"houzez-gdpr-agreement elementor-field-group elementor-col-100\">\n                        <label for=\"gdpr_agreement\" class=\"elementor-field-label\">Consentimiento RGPD<\/label>\n                        <div class=\"gdpr-agreement-subgroup\">\n                            <span class=\"gdpr-field-option\">\n                                <label class=\"gdpr-text\" for=\"gdpr_agreement\">\n                                    <input required type=\"checkbox\" title=\"* Consentimiento RGPD\" name=\"gdpr_agreement\" id=\"gdpr_agreement\">  Acepto que este sitio web utilice los datos ingresados para procesar consultas                                <\/label>\n                            <\/span>\n                        <\/div>             \n                    <\/div>\n                    \n                                        <div class=\"elementor-field-group\">\n                                            <\/div>\n                    \n                    <div class=\"elementor-field-group elementor-column elementor-field-type-submit elementor-col-100\">\n                    <button type=\"submit\" class=\"btn houzez-submit-button houzez-contact-form-js elementor-button elementor-size-md\">\n                        <i class=\"btn-loader houzez-loader-js\"><\/i>\n                                                    enviar                                            <\/button>\n                <\/div>\n            <\/div><!-- End wrapper-->\n            <br\/>\n            <div class=\"ele-form-messages\"><\/div>\n            <div class=\"error-container\"><\/div>\n\n        <\/form>\n\n    \t\t<\/div>\n\t\t\t\t<\/div>\n\t\t\t\t\t<\/div>\n\t\t<\/div>\n\t\t\t\t\t\t\t<\/div>\n\t\t<\/section>\n\t\t\t\t<div class=\"elementor-element elementor-element-3960ef44 elementor-widget elementor-widget-spacer\" data-id=\"3960ef44\" data-element_type=\"widget\" data-widget_type=\"spacer.default\">\n\t\t\t\t<div class=\"elementor-widget-container\">\n\t\t\t\t\t<div class=\"elementor-spacer\">\n\t\t\t<div class=\"elementor-spacer-inner\"><\/div>\n\t\t<\/div>\n\t\t\t\t<\/div>\n\t\t\t\t<\/div>\n\t\t\t\t\t<\/div>\n\t\t<\/div>\n\t\t\t\t\t\t\t<\/div>\n\t\t<\/section>\n\t\t\t\t<section class=\"elementor-section elementor-top-section elementor-element elementor-element-77f4dc5 elementor-section-boxed elementor-section-height-default elementor-section-height-default\" data-id=\"77f4dc5\" data-element_type=\"section\">\n\t\t\t\t\t\t<div class=\"elementor-container elementor-column-gap-default\">\n\t\t\t\t\t<div class=\"elementor-column elementor-col-33 elementor-top-column elementor-element elementor-element-7e26411\" data-id=\"7e26411\" data-element_type=\"column\">\n\t\t\t<div class=\"elementor-widget-wrap elementor-element-populated\">\n\t\t\t\t\t\t\t\t<div class=\"elementor-element elementor-element-378dcec elementor-vertical-align-middle elementor-view-default elementor-mobile-position-top elementor-widget elementor-widget-icon-box\" data-id=\"378dcec\" data-element_type=\"widget\" data-widget_type=\"icon-box.default\">\n\t\t\t\t<div class=\"elementor-widget-container\">\n\t\t\t\t\t<div class=\"elementor-icon-box-wrapper\">\n\t\t\t\t\t\t<div class=\"elementor-icon-box-icon\">\n\t\t\t\t<span class=\"elementor-icon elementor-animation-\" >\n\t\t\t\t<i aria-hidden=\"true\" class=\"fas fa-phone\"><\/i>\t\t\t\t<\/span>\n\t\t\t<\/div>\n\t\t\t\t\t\t<div class=\"elementor-icon-box-content\">\n\t\t\t\t<h3 class=\"elementor-icon-box-title\">\n\t\t\t\t\t<span  >\n\t\t\t\t\t\tTel\u00e9fono m\u00f3vil\t\t\t\t\t<\/span>\n\t\t\t\t<\/h3>\n\t\t\t\t\t\t\t<\/div>\n\t\t<\/div>\n\t\t\t\t<\/div>\n\t\t\t\t<\/div>\n\t\t\t\t<div class=\"elementor-element elementor-element-82a6c97 elementor-widget elementor-widget-text-editor\" data-id=\"82a6c97\" data-element_type=\"widget\" data-widget_type=\"text-editor.default\">\n\t\t\t\t<div class=\"elementor-widget-container\">\n\t\t\t\t\t\t\tLl\u00e1manos a nuestro n\u00famero de contacto\n<br><strong><a href=\"tel:\/\/+385 98 971 7216\">+385 98 971 7216<\/a><\/strong>\t\t\t\t\t\t<\/div>\n\t\t\t\t<\/div>\n\t\t\t\t\t<\/div>\n\t\t<\/div>\n\t\t\t\t<div class=\"elementor-column elementor-col-33 elementor-top-column elementor-element elementor-element-9994b12\" data-id=\"9994b12\" data-element_type=\"column\">\n\t\t\t<div class=\"elementor-widget-wrap elementor-element-populated\">\n\t\t\t\t\t\t\t\t<div class=\"elementor-element elementor-element-bb89dd3 elementor-vertical-align-middle elementor-view-default elementor-mobile-position-top elementor-widget elementor-widget-icon-box\" data-id=\"bb89dd3\" data-element_type=\"widget\" data-widget_type=\"icon-box.default\">\n\t\t\t\t<div class=\"elementor-widget-container\">\n\t\t\t\t\t<div class=\"elementor-icon-box-wrapper\">\n\t\t\t\t\t\t<div class=\"elementor-icon-box-icon\">\n\t\t\t\t<span class=\"elementor-icon elementor-animation-\" >\n\t\t\t\t<i aria-hidden=\"true\" class=\"far fa-envelope\"><\/i>\t\t\t\t<\/span>\n\t\t\t<\/div>\n\t\t\t\t\t\t<div class=\"elementor-icon-box-content\">\n\t\t\t\t<h3 class=\"elementor-icon-box-title\">\n\t\t\t\t\t<span  >\n\t\t\t\t\t\tCorreo electr\u00f3nico\t\t\t\t\t<\/span>\n\t\t\t\t<\/h3>\n\t\t\t\t\t\t\t<\/div>\n\t\t<\/div>\n\t\t\t\t<\/div>\n\t\t\t\t<\/div>\n\t\t\t\t<div class=\"elementor-element elementor-element-32d62fb elementor-widget elementor-widget-text-editor\" data-id=\"32d62fb\" data-element_type=\"widget\" data-widget_type=\"text-editor.default\">\n\t\t\t\t<div class=\"elementor-widget-container\">\n\t\t\t\t\t\t\tEnv\u00edenos un correo electr\u00f3nico directo si su consulta contiene archivos\n<br>\n<strong><a href=\"#\">info@dcmi.hr<\/a><\/strong>\t\t\t\t\t\t<\/div>\n\t\t\t\t<\/div>\n\t\t\t\t\t<\/div>\n\t\t<\/div>\n\t\t\t\t<div class=\"elementor-column elementor-col-33 elementor-top-column elementor-element elementor-element-ab96109\" data-id=\"ab96109\" data-element_type=\"column\">\n\t\t\t<div class=\"elementor-widget-wrap elementor-element-populated\">\n\t\t\t\t\t\t\t\t<div class=\"elementor-element elementor-element-ab3fd97 elementor-vertical-align-middle elementor-view-default elementor-mobile-position-top elementor-widget elementor-widget-icon-box\" data-id=\"ab3fd97\" data-element_type=\"widget\" data-widget_type=\"icon-box.default\">\n\t\t\t\t<div class=\"elementor-widget-container\">\n\t\t\t\t\t<div class=\"elementor-icon-box-wrapper\">\n\t\t\t\t\t\t<div class=\"elementor-icon-box-icon\">\n\t\t\t\t<span class=\"elementor-icon elementor-animation-\" >\n\t\t\t\t<i aria-hidden=\"true\" class=\"fas fa-map-pin\"><\/i>\t\t\t\t<\/span>\n\t\t\t<\/div>\n\t\t\t\t\t\t<div class=\"elementor-icon-box-content\">\n\t\t\t\t<h3 class=\"elementor-icon-box-title\">\n\t\t\t\t\t<span  >\n\t\t\t\t\t\tDIRECCI\u00d3N\t\t\t\t\t<\/span>\n\t\t\t\t<\/h3>\n\t\t\t\t\t\t\t<\/div>\n\t\t<\/div>\n\t\t\t\t<\/div>\n\t\t\t\t<\/div>\n\t\t\t\t<div class=\"elementor-element elementor-element-21624d8 elementor-widget elementor-widget-text-editor\" data-id=\"21624d8\" data-element_type=\"widget\" data-widget_type=\"text-editor.default\">\n\t\t\t\t<div class=\"elementor-widget-container\">\n\t\t\t\t\t\t\t<p>Marka Marojica 4, 20 000 Dubrovnik<\/p><p><strong><a href=\"https:\/\/www.google.com\/maps\/place\/DREAM,+CREATE+%26+MOVE+IN+%7C+AGENCIJA+ZA+NEKRETNINE\/@42.651254,18.0819508,17z\/data=!4m13!1m7!3m6!1s0x134c752df057c7eb:0xd3dd7d79d534decd!2sUl.+Marka+Marojice+4,+20000,+Dubrovnik!3b1!8m2!3d42.651254!4d18.0841395!3m4!1s0x134c755cf059fbb3:0xe1e3d7aa53a1b163!8m2!3d42.651254!4d18.0841395\">Encuentranos en el mapa<\/a><\/strong><\/p>\t\t\t\t\t\t<\/div>\n\t\t\t\t<\/div>\n\t\t\t\t\t<\/div>\n\t\t<\/div>\n\t\t\t\t\t\t\t<\/div>\n\t\t<\/section>\n\t\t\t\t<section class=\"elementor-section elementor-top-section elementor-element elementor-element-446b8ef elementor-section-content-middle elementor-section-boxed elementor-section-height-default elementor-section-height-default\" data-id=\"446b8ef\" data-element_type=\"section\" data-settings=\"{&quot;background_background&quot;:&quot;classic&quot;,&quot;shape_divider_top&quot;:&quot;waves&quot;}\">\n\t\t\t\t\t\t\t<div class=\"elementor-background-overlay\"><\/div>\n\t\t\t\t\t\t<div class=\"elementor-shape elementor-shape-top\" data-negative=\"false\">\n\t\t\t<svg xmlns=\"http:\/\/www.w3.org\/2000\/svg\" viewbox=\"0 0 1000 100\" preserveaspectratio=\"none\">\n\t<path class=\"elementor-shape-fill\" d=\"M421.9,6.5c22.6-2.5,51.5,0.4,75.5,5.3c23.6,4.9,70.9,23.5,100.5,35.7c75.8,32.2,133.7,44.5,192.6,49.7\tc23.6,2.1,48.7,3.5,103.4-2.5c54.7-6,106.2-25.6,106.2-25.6V0H0v30.3c0,0,72,32.6,158.4,30.5c39.2-0.7,92.8-6.7,134-22.4\tc21.2-8.1,52.2-18.2,79.7-24.2C399.3,7.9,411.6,7.5,421.9,6.5z\"\/>\n<\/svg>\t\t<\/div>\n\t\t\t\t\t<div class=\"elementor-container elementor-column-gap-default\">\n\t\t\t\t\t<div class=\"elementor-column elementor-col-100 elementor-top-column elementor-element elementor-element-6f2edd1\" data-id=\"6f2edd1\" data-element_type=\"column\">\n\t\t\t<div class=\"elementor-widget-wrap\">\n\t\t\t\t\t\t\t\t\t<\/div>\n\t\t<\/div>\n\t\t\t\t\t\t\t<\/div>\n\t\t<\/section>\n\t\t\t\t\t\t\t<\/div>","protected":false},"excerpt":{"rendered":"<p>Kontaktirajte nas Unesite va\u0161e podatke te \u0107emo vas kontaktirati u \u0161to kra\u0107em vremenu. Poruka GDPR privola Pristajem da ova web stranica koristi une\u0161ene podatke za obradu upita Po\u0161alji Mobitel Nazovite nas na na\u0161 kontakt broj +385 98 971 7216 Email Po\u0161aljite nam direktni email ako va\u0161 upit sadr\u017ei datoteke info@dcmi.hr Adresa Marka Marojice 4, 20 [&hellip;]<\/p>","protected":false},"author":1,"featured_media":0,"parent":0,"menu_order":0,"comment_status":"closed","ping_status":"closed","template":"template\/template-homepage.php","meta":{"footnotes":""},"class_list":["post-24","page","type-page","status-publish","hentry"],"yoast_head":"<!-- This site is optimized with the Yoast SEO plugin v23.2 - https:\/\/yoast.com\/wordpress\/plugins\/seo\/ -->\n<title>Kontaktirajte nas | DCM Dubrovnik<\/title>\n<meta name=\"robots\" content=\"index, follow, max-snippet:-1, max-image-preview:large, max-video-preview:-1\" \/>\n<link rel=\"canonical\" href=\"https:\/\/real-estate-dcm.com\/es\/contactenos\/\" \/>\n<meta property=\"og:locale\" content=\"es_ES\" \/>\n<meta property=\"og:type\" content=\"article\" \/>\n<meta property=\"og:title\" content=\"Kontaktirajte nas | DCM Dubrovnik\" \/>\n<meta property=\"og:description\" content=\"Kontaktirajte nas Unesite va\u0161e podatke te \u0107emo vas kontaktirati u \u0161to kra\u0107em vremenu. Poruka GDPR privola Pristajem da ova web stranica koristi une\u0161ene podatke za obradu upita Po\u0161alji Mobitel Nazovite nas na na\u0161 kontakt broj +385 98 971 7216 Email Po\u0161aljite nam direktni email ako va\u0161 upit sadr\u017ei datoteke info@dcmi.hr Adresa Marka Marojice 4, 20 [&hellip;]\" \/>\n<meta property=\"og:url\" content=\"https:\/\/real-estate-dcm.com\/es\/contactenos\/\" \/>\n<meta property=\"og:site_name\" content=\"DCM Dubrovnik\" \/>\n<meta property=\"article:publisher\" content=\"https:\/\/www.facebook.com\/antonia.damjanovic.7\" \/>\n<meta property=\"article:modified_time\" content=\"2021-08-06T12:25:50+00:00\" \/>\n<meta name=\"twitter:card\" content=\"summary_large_image\" \/>\n<meta name=\"twitter:label1\" content=\"Tiempo de lectura\" \/>\n\t<meta name=\"twitter:data1\" content=\"1 minuto\" \/>\n<script type=\"application\/ld+json\" class=\"yoast-schema-graph\">{\"@context\":\"https:\/\/schema.org\",\"@graph\":[{\"@type\":\"WebPage\",\"@id\":\"https:\/\/real-estate-dcm.com\/kontaktirajte-nas\/\",\"url\":\"https:\/\/real-estate-dcm.com\/kontaktirajte-nas\/\",\"name\":\"Kontaktirajte nas | DCM Dubrovnik\",\"isPartOf\":{\"@id\":\"https:\/\/real-estate-dcm.com\/#website\"},\"datePublished\":\"2020-09-10T14:43:11+00:00\",\"dateModified\":\"2021-08-06T12:25:50+00:00\",\"breadcrumb\":{\"@id\":\"https:\/\/real-estate-dcm.com\/kontaktirajte-nas\/#breadcrumb\"},\"inLanguage\":\"es\",\"potentialAction\":[{\"@type\":\"ReadAction\",\"target\":[\"https:\/\/real-estate-dcm.com\/kontaktirajte-nas\/\"]}]},{\"@type\":\"BreadcrumbList\",\"@id\":\"https:\/\/real-estate-dcm.com\/kontaktirajte-nas\/#breadcrumb\",\"itemListElement\":[{\"@type\":\"ListItem\",\"position\":1,\"name\":\"Po\u010detna stranica\",\"item\":\"https:\/\/real-estate-dcm.com\/\"},{\"@type\":\"ListItem\",\"position\":2,\"name\":\"Kontaktirajte nas\"}]},{\"@type\":\"WebSite\",\"@id\":\"https:\/\/real-estate-dcm.com\/#website\",\"url\":\"https:\/\/real-estate-dcm.com\/\",\"name\":\"DCM Dubrovnik\",\"description\":\"Agencija za nekretnine\",\"publisher\":{\"@id\":\"https:\/\/real-estate-dcm.com\/#organization\"},\"potentialAction\":[{\"@type\":\"SearchAction\",\"target\":{\"@type\":\"EntryPoint\",\"urlTemplate\":\"https:\/\/real-estate-dcm.com\/?s={search_term_string}\"},\"query-input\":\"required name=search_term_string\"}],\"inLanguage\":\"es\"},{\"@type\":\"Organization\",\"@id\":\"https:\/\/real-estate-dcm.com\/#organization\",\"name\":\"DCM Dubrovnik\",\"url\":\"https:\/\/real-estate-dcm.com\/\",\"logo\":{\"@type\":\"ImageObject\",\"inLanguage\":\"es\",\"@id\":\"https:\/\/real-estate-dcm.com\/#\/schema\/logo\/image\/\",\"url\":\"https:\/\/real-estate-dcm.com\/wp-content\/uploads\/2021\/04\/DCM-Dubrovnik-mobile-logo-retina-1.jpg\",\"contentUrl\":\"https:\/\/real-estate-dcm.com\/wp-content\/uploads\/2021\/04\/DCM-Dubrovnik-mobile-logo-retina-1.jpg\",\"width\":300,\"height\":99,\"caption\":\"DCM Dubrovnik\"},\"image\":{\"@id\":\"https:\/\/real-estate-dcm.com\/#\/schema\/logo\/image\/\"},\"sameAs\":[\"https:\/\/www.facebook.com\/antonia.damjanovic.7\",\"https:\/\/www.instagram.com\/dcm_realestate\/\",\"https:\/\/hr.linkedin.com\/in\/antonia-damjanovic-526b4420b\"]}]}<\/script>\n<!-- \/ Yoast SEO plugin. -->","yoast_head_json":{"title":"Kontaktirajte nas | DCM Dubrovnik","robots":{"index":"index","follow":"follow","max-snippet":"max-snippet:-1","max-image-preview":"max-image-preview:large","max-video-preview":"max-video-preview:-1"},"canonical":"https:\/\/real-estate-dcm.com\/es\/contactenos\/","og_locale":"es_ES","og_type":"article","og_title":"Kontaktirajte nas | DCM Dubrovnik","og_description":"Kontaktirajte nas Unesite va\u0161e podatke te \u0107emo vas kontaktirati u \u0161to kra\u0107em vremenu. Poruka GDPR privola Pristajem da ova web stranica koristi une\u0161ene podatke za obradu upita Po\u0161alji Mobitel Nazovite nas na na\u0161 kontakt broj +385 98 971 7216 Email Po\u0161aljite nam direktni email ako va\u0161 upit sadr\u017ei datoteke info@dcmi.hr Adresa Marka Marojice 4, 20 [&hellip;]","og_url":"https:\/\/real-estate-dcm.com\/es\/contactenos\/","og_site_name":"DCM Dubrovnik","article_publisher":"https:\/\/www.facebook.com\/antonia.damjanovic.7","article_modified_time":"2021-08-06T12:25:50+00:00","twitter_card":"summary_large_image","twitter_misc":{"Tiempo de lectura":"1 minuto"},"schema":{"@context":"https:\/\/schema.org","@graph":[{"@type":"WebPage","@id":"https:\/\/real-estate-dcm.com\/kontaktirajte-nas\/","url":"https:\/\/real-estate-dcm.com\/kontaktirajte-nas\/","name":"Kontaktirajte nas | DCM Dubrovnik","isPartOf":{"@id":"https:\/\/real-estate-dcm.com\/#website"},"datePublished":"2020-09-10T14:43:11+00:00","dateModified":"2021-08-06T12:25:50+00:00","breadcrumb":{"@id":"https:\/\/real-estate-dcm.com\/kontaktirajte-nas\/#breadcrumb"},"inLanguage":"es","potentialAction":[{"@type":"ReadAction","target":["https:\/\/real-estate-dcm.com\/kontaktirajte-nas\/"]}]},{"@type":"BreadcrumbList","@id":"https:\/\/real-estate-dcm.com\/kontaktirajte-nas\/#breadcrumb","itemListElement":[{"@type":"ListItem","position":1,"name":"Po\u010detna stranica","item":"https:\/\/real-estate-dcm.com\/"},{"@type":"ListItem","position":2,"name":"Kontaktirajte nas"}]},{"@type":"WebSite","@id":"https:\/\/real-estate-dcm.com\/#website","url":"https:\/\/real-estate-dcm.com\/","name":"DCM Dubrovnik","description":"Agencija za nekretnine","publisher":{"@id":"https:\/\/real-estate-dcm.com\/#organization"},"potentialAction":[{"@type":"SearchAction","target":{"@type":"EntryPoint","urlTemplate":"https:\/\/real-estate-dcm.com\/?s={search_term_string}"},"query-input":"required name=search_term_string"}],"inLanguage":"es"},{"@type":"Organization","@id":"https:\/\/real-estate-dcm.com\/#organization","name":"DCM Dubrovnik","url":"https:\/\/real-estate-dcm.com\/","logo":{"@type":"ImageObject","inLanguage":"es","@id":"https:\/\/real-estate-dcm.com\/#\/schema\/logo\/image\/","url":"https:\/\/real-estate-dcm.com\/wp-content\/uploads\/2021\/04\/DCM-Dubrovnik-mobile-logo-retina-1.jpg","contentUrl":"https:\/\/real-estate-dcm.com\/wp-content\/uploads\/2021\/04\/DCM-Dubrovnik-mobile-logo-retina-1.jpg","width":300,"height":99,"caption":"DCM Dubrovnik"},"image":{"@id":"https:\/\/real-estate-dcm.com\/#\/schema\/logo\/image\/"},"sameAs":["https:\/\/www.facebook.com\/antonia.damjanovic.7","https:\/\/www.instagram.com\/dcm_realestate\/","https:\/\/hr.linkedin.com\/in\/antonia-damjanovic-526b4420b"]}]}},"_links":{"self":[{"href":"https:\/\/real-estate-dcm.com\/es\/wp-json\/wp\/v2\/pages\/24","targetHints":{"allow":["GET"]}}],"collection":[{"href":"https:\/\/real-estate-dcm.com\/es\/wp-json\/wp\/v2\/pages"}],"about":[{"href":"https:\/\/real-estate-dcm.com\/es\/wp-json\/wp\/v2\/types\/page"}],"author":[{"embeddable":true,"href":"https:\/\/real-estate-dcm.com\/es\/wp-json\/wp\/v2\/users\/1"}],"replies":[{"embeddable":true,"href":"https:\/\/real-estate-dcm.com\/es\/wp-json\/wp\/v2\/comments?post=24"}],"version-history":[{"count":0,"href":"https:\/\/real-estate-dcm.com\/es\/wp-json\/wp\/v2\/pages\/24\/revisions"}],"wp:attachment":[{"href":"https:\/\/real-estate-dcm.com\/es\/wp-json\/wp\/v2\/media?parent=24"}],"curies":[{"name":"wp","href":"https:\/\/api.w.org\/{rel}","templated":true}]}}