{"id":4990,"date":"2021-05-05T10:03:28","date_gmt":"2021-05-05T10:03:28","guid":{"rendered":"https:\/\/real-estate-dcm.com\/privacy-and-data-retention-statement\/"},"modified":"2023-09-05T08:39:40","modified_gmt":"2023-09-05T08:39:40","slug":"privacy-and-data-retention-statement","status":"publish","type":"page","link":"https:\/\/real-estate-dcm.com\/es\/declaracion-de-privacidad-y-retencion-de-datos\/","title":{"rendered":"Declaraci\u00f3n de privacidad y retenci\u00f3n de datos"},"content":{"rendered":"<h2 class=\"wp-block-heading\">Lo que necesita saber al visitar el sitio web oficial de DCM Dubrovnik<\/h2>\n\n<h3 class=\"wp-block-heading\">pol\u00edtica de privacidad<\/h3>\n\n<p>Este sitio web (<strong>\n  <a href=\"https:\/\/real-estate-dcm.com\/en\/\">https:\/\/real-estate-dcm.com\/<\/a>\n<\/strong>) es operado <strong>por SUE\u00d1AR, CREAR Y MUDARSE doo<\/strong> con domicilio social en \u0160umet 41, \u0160umet.<\/p>\n\n<p>Lea atentamente esta pol\u00edtica antes de utilizar este Sitio, ya que explica c\u00f3mo manejaremos los datos personales y c\u00f3mo utilizamos las cookies. Su uso de este Sitio indica que acepta esta pol\u00edtica. Si no acepta el contenido de esta pol\u00edtica, no utilice este sitio.<\/p>\n\n<h3 class=\"wp-block-heading\">Tipos de datos que procesamos \/ enlaces a otros sitios web<\/h3>\n\n<p>DCM Dubrovnik se encarga de proteger su privacidad. A trav\u00e9s de este sitio, DCM Dubrovnik no recopila ni procesa datos personales, excepto la informaci\u00f3n recopilada a trav\u00e9s de cookies, como se explica a continuaci\u00f3n en esta pol\u00edtica.<\/p>\n\n<p>Este Sitio puede contener enlaces a otros sitios web de DCM Dubrovnik o sitios web de nuestros socios comerciales, otros afiliados o sitios web de redes sociales. Cuando hace clic en dicho enlace a cualquier otro sitio web de DCM Dubrovnik o a un sitio web de terceros, tenga en cuenta que estos sitios web tienen sus propias normas sobre la protecci\u00f3n de datos privados. Consulte su pol\u00edtica de privacidad cuando utilice estos sitios web.<\/p>\n\n<p>Tenga en cuenta que DCM Dubrovnik no puede aceptar ninguna responsabilidad por sitios web de terceros.<\/p>\n\n<h3 class=\"wp-block-heading\">Recopilaci\u00f3n y uso de informaci\u00f3n.<\/h3>\n\n<p>Para mejorar el Sitio en t\u00e9rminos de operaci\u00f3n del sistema, su uso y brindar informaci\u00f3n \u00fatil sobre nuestros productos y servicios, recopilamos y almacenamos autom\u00e1ticamente informaci\u00f3n en archivos de registro en su computadora. Esto incluye su direcci\u00f3n de Protocolo de Internet (IP), tipo de navegador y configuraci\u00f3n de idioma, sistema operativo, proveedor de servicios de Internet (ISP) y marca de fecha\/hora.<\/p>\n\n<p>Utilizamos esta informaci\u00f3n para administrar eficazmente nuestro Sitio, obtener un mayor conocimiento sobre el comportamiento de los visitantes de nuestro Sitio, analizar tendencias y recopilar informaci\u00f3n demogr\u00e1fica sobre nuestros usuarios en su conjunto. Los datos recopilados podr\u00e1n utilizarse para nuestros servicios y comunicaciones de marketing y publicidad (por ejemplo, para optimizar y mejorar la experiencia del usuario, proporcionar un mayor n\u00famero de ofertas y servicios especiales atractivos).<\/p>\n\n<p>En el caso del uso de informaci\u00f3n no personal en conjunto con Datos Personales, esta informaci\u00f3n ser\u00e1 tratada como Dato Personal siempre que se utilice en conjunto.<\/p>\n\n<h3 class=\"wp-block-heading\">Uso de cookies<\/h3>\n\n<p>Este sitio, mensajes de correo electr\u00f3nico, servicios en l\u00ednea, anuncios y aplicaciones interactivas pueden utilizar &quot;cookies&quot; para mejorar nuestros servicios.<\/p>\n\n<h3 class=\"wp-block-heading\">\u00bfQu\u00e9 es una &quot;cookie&quot;?<\/h3>\n\n<p>Una &quot;cookie&quot; es un archivo peque\u00f1o, que generalmente consta de letras y n\u00fameros, que enviamos a un archivo cookie de su navegador en el disco duro de su computadora a trav\u00e9s de nuestro servidor web. Esto, por ejemplo, permite que nuestro sitio reconozca el dispositivo del usuario cuando se establece una conexi\u00f3n entre el servidor web y el navegador web. El objetivo principal de las cookies es permitir que nuestro servidor web muestre sitios web f\u00e1ciles de usar que hagan que la experiencia de uso sea m\u00e1s personal y que se adapten mejor a las necesidades personales del usuario. \u00bfQu\u00e9 tipos de cookies utiliza este sitio?<\/p>\n\n<p><strong>DCM Dubrovnik puede utilizar dos tipos de cookies en este Sitio:<\/strong><br\/>Cookies temporales (\u201ccookies de sesi\u00f3n\u201d): son cookies temporales que permanecen en el archivo de cookies de su navegador hasta que finalice su b\u00fasqueda. Estas cookies son obligatorias para el correcto funcionamiento de determinadas aplicaciones o funcionalidades del sitio web.<br\/>Cookies persistentes: podemos utilizar cookies persistentes para mejorar la experiencia de nuestros usuarios (por ejemplo, proporcionando una navegaci\u00f3n optimizada). Estas cookies permanecen en el archivo de cookies de su navegador durante un tiempo prolongado. Este per\u00edodo de tiempo depender\u00e1 de la elecci\u00f3n de la configuraci\u00f3n de su navegador de Internet. Las cookies persistentes permiten transferir datos a un servidor web cada vez que alguien visita el sitio. Las cookies persistentes tambi\u00e9n se conocen como cookies de acompa\u00f1amiento.<\/p>\n\n<p>Si desea obtener m\u00e1s informaci\u00f3n sobre las cookies, existen muchas publicaciones en l\u00ednea sobre ellas.<\/p>\n\n<h3 class=\"wp-block-heading\">Cookies de terceros<\/h3>\n\n<p>DCM Dubrovnik puede utilizar anunciantes externos para publicitar y mejorar nuestras comunicaciones de marketing. Los anunciantes externos utilizan cookies para medir la eficacia de los anuncios y hacer que la publicidad sea m\u00e1s personal. La informaci\u00f3n recopilada por anunciantes externos puede incluir informaci\u00f3n como datos de geolocalizaci\u00f3n (que surgen de una direcci\u00f3n IP) o informaci\u00f3n de contacto como una direcci\u00f3n de correo electr\u00f3nico, cuando se recopila a trav\u00e9s de este Sitio.<\/p>\n\n<h3 class=\"wp-block-heading\">Etiquetas web y etiquetas de p\u00edxeles<\/h3>\n\n<p>Esta p\u00e1gina contiene etiquetas web (tambi\u00e9n llamadas &quot;etiquetas de p\u00edxeles&quot;). Una etiqueta web suele ser una imagen gr\u00e1fica transparente, generalmente de no m\u00e1s de 1 x 1 p\u00edxel, que se aloja en un sitio web o en un correo electr\u00f3nico y se utiliza para monitorear el comportamiento en l\u00ednea de los usuarios que visitan el sitio web respectivo o env\u00edan un correo electr\u00f3nico. Las balizas web utilizan tecnolog\u00edas de terceros para monitorear la actividad de los visitantes de nuestro Sitio. Permite rastrear qu\u00e9 computadora accedi\u00f3 a un sitio web en particular, cu\u00e1ndo y desde d\u00f3nde (a nivel de estado\/ciudad).<\/p>\n\n<h3 class=\"wp-block-heading\">Seguimiento y an\u00e1lisis<\/h3>\n\n<p>Para mejorar continuamente nuestras comunicaciones de marketing, utilizamos los servicios de Google Analytics. Esta informaci\u00f3n se recopila a trav\u00e9s de etiquetas de seguimiento y\/o cookies. La informaci\u00f3n recopilada a trav\u00e9s de etiquetas de seguimiento y\/o cookies es an\u00f3nima y no estar\u00e1 asociada a datos personales.<\/p>\n\n<h3 class=\"wp-block-heading\">Activar o desactivar cookies y tecnolog\u00edas similares<\/h3>\n\n<p>Tiene la opci\u00f3n de aceptar o rechazar todas las cookies en todos los sitios web que visita cambiando la configuraci\u00f3n de su navegador de Internet. Por ejemplo, cuando utiliza Internet Explorer versi\u00f3n 8.0, debe hacer lo siguiente: 1. Haga clic en el bot\u00f3n Herramientas y luego haga clic en Opciones de Internet. 2. Haga clic en la pesta\u00f1a Privacidad. 3. Utilice el control deslizante para seleccionar la configuraci\u00f3n adecuada.<\/p>\n\n<p>Para otros navegadores de Internet, consulte las instrucciones de su navegador para obtener m\u00e1s informaci\u00f3n sobre c\u00f3mo cambiar la configuraci\u00f3n de su navegador o c\u00f3mo eliminar cookies.<\/p>\n\n<p>Tenga en cuenta que cierto contenido y la funcionalidad completa de este Sitio no estar\u00e1n disponibles una vez que se desactiven las cookies.<\/p>\n\n<h3 class=\"wp-block-heading\">Cambios en nuestra pol\u00edtica de privacidad<\/h3>\n\n<p>Cualquier cambio futuro a nuestra pol\u00edtica de privacidad se publicar\u00e1 en esta p\u00e1gina. Consulte nuestra pol\u00edtica de privacidad peri\u00f3dicamente para conocer cualquier actualizaci\u00f3n o cambio.<\/p>\n\n<h3 class=\"wp-block-heading\">Cont\u00e1ctenos<\/h3>\n\n<p>Si tiene alguna pregunta, comentario o solicitud con respecto a esta pol\u00edtica de privacidad, comun\u00edquese con nosotros. Lo mismo se aplica en caso de que desee tener acceso a cualquier informaci\u00f3n que tengamos sobre usted y que haya sido recopilada a trav\u00e9s de este Sitio, o cuando desee que esa informaci\u00f3n se corrija, bloquee o elimine.<\/p>","protected":false},"excerpt":{"rendered":"<p>What you need to know when visiting the official website of DCM Dubrovnik Privacy Policy This website ( https:\/\/real-estate-dcm.com\/ ) is operated by DREAM, CREATE &amp; MOVE IN d.o.o. with its registered office at \u0160umet 41, \u0160umet. Please read this policy carefully before using this Site, as it explains how we will handle personal data [&hellip;]<\/p>","protected":false},"author":1,"featured_media":0,"parent":0,"menu_order":0,"comment_status":"closed","ping_status":"closed","template":"","meta":{"footnotes":""},"class_list":["post-4990","page","type-page","status-publish","hentry"],"yoast_head":"<!-- This site is optimized with the Yoast SEO plugin v23.2 - https:\/\/yoast.com\/wordpress\/plugins\/seo\/ -->\n<title>Privacy and data retention statement | DCM Dubrovnik<\/title>\n<meta name=\"robots\" content=\"index, follow, max-snippet:-1, max-image-preview:large, max-video-preview:-1\" \/>\n<link rel=\"canonical\" href=\"https:\/\/real-estate-dcm.com\/es\/privacy-and-data-retention-statement\/\" \/>\n<meta property=\"og:locale\" content=\"es_ES\" \/>\n<meta property=\"og:type\" content=\"article\" \/>\n<meta property=\"og:title\" content=\"Privacy and data retention statement | DCM Dubrovnik\" \/>\n<meta property=\"og:description\" content=\"What you need to know when visiting the official website of DCM Dubrovnik Privacy Policy This website ( https:\/\/real-estate-dcm.com\/ ) is operated by DREAM, CREATE &amp; MOVE IN d.o.o. with its registered office at \u0160umet 41, \u0160umet. Please read this policy carefully before using this Site, as it explains how we will handle personal data [&hellip;]\" \/>\n<meta property=\"og:url\" content=\"https:\/\/real-estate-dcm.com\/es\/privacy-and-data-retention-statement\/\" \/>\n<meta property=\"og:site_name\" content=\"DCM Dubrovnik\" \/>\n<meta property=\"article:publisher\" content=\"https:\/\/www.facebook.com\/antonia.damjanovic.7\" \/>\n<meta property=\"article:modified_time\" content=\"2023-09-05T08:39:40+00:00\" \/>\n<meta name=\"twitter:card\" content=\"summary_large_image\" \/>\n<meta name=\"twitter:label1\" content=\"Tiempo de lectura\" \/>\n\t<meta name=\"twitter:data1\" content=\"5 minutos\" \/>\n<script type=\"application\/ld+json\" class=\"yoast-schema-graph\">{\"@context\":\"https:\/\/schema.org\",\"@graph\":[{\"@type\":\"WebPage\",\"@id\":\"https:\/\/real-estate-dcm.com\/en\/privacy-and-data-retention-statement\/\",\"url\":\"https:\/\/real-estate-dcm.com\/en\/privacy-and-data-retention-statement\/\",\"name\":\"Privacy and data retention statement | DCM Dubrovnik\",\"isPartOf\":{\"@id\":\"https:\/\/real-estate-dcm.com\/#website\"},\"datePublished\":\"2021-05-05T10:03:28+00:00\",\"dateModified\":\"2023-09-05T08:39:40+00:00\",\"breadcrumb\":{\"@id\":\"https:\/\/real-estate-dcm.com\/en\/privacy-and-data-retention-statement\/#breadcrumb\"},\"inLanguage\":\"es\",\"potentialAction\":[{\"@type\":\"ReadAction\",\"target\":[\"https:\/\/real-estate-dcm.com\/en\/privacy-and-data-retention-statement\/\"]}]},{\"@type\":\"BreadcrumbList\",\"@id\":\"https:\/\/real-estate-dcm.com\/en\/privacy-and-data-retention-statement\/#breadcrumb\",\"itemListElement\":[{\"@type\":\"ListItem\",\"position\":1,\"name\":\"Po\u010detna stranica\",\"item\":\"https:\/\/real-estate-dcm.com\/\"},{\"@type\":\"ListItem\",\"position\":2,\"name\":\"Privacy and data retention statement\"}]},{\"@type\":\"WebSite\",\"@id\":\"https:\/\/real-estate-dcm.com\/#website\",\"url\":\"https:\/\/real-estate-dcm.com\/\",\"name\":\"DCM Dubrovnik\",\"description\":\"Agencija za nekretnine\",\"publisher\":{\"@id\":\"https:\/\/real-estate-dcm.com\/#organization\"},\"potentialAction\":[{\"@type\":\"SearchAction\",\"target\":{\"@type\":\"EntryPoint\",\"urlTemplate\":\"https:\/\/real-estate-dcm.com\/?s={search_term_string}\"},\"query-input\":\"required name=search_term_string\"}],\"inLanguage\":\"es\"},{\"@type\":\"Organization\",\"@id\":\"https:\/\/real-estate-dcm.com\/#organization\",\"name\":\"DCM Dubrovnik\",\"url\":\"https:\/\/real-estate-dcm.com\/\",\"logo\":{\"@type\":\"ImageObject\",\"inLanguage\":\"es\",\"@id\":\"https:\/\/real-estate-dcm.com\/#\/schema\/logo\/image\/\",\"url\":\"https:\/\/real-estate-dcm.com\/wp-content\/uploads\/2021\/04\/DCM-Dubrovnik-mobile-logo-retina-1.jpg\",\"contentUrl\":\"https:\/\/real-estate-dcm.com\/wp-content\/uploads\/2021\/04\/DCM-Dubrovnik-mobile-logo-retina-1.jpg\",\"width\":300,\"height\":99,\"caption\":\"DCM Dubrovnik\"},\"image\":{\"@id\":\"https:\/\/real-estate-dcm.com\/#\/schema\/logo\/image\/\"},\"sameAs\":[\"https:\/\/www.facebook.com\/antonia.damjanovic.7\",\"https:\/\/www.instagram.com\/dcm_realestate\/\",\"https:\/\/hr.linkedin.com\/in\/antonia-damjanovic-526b4420b\"]}]}<\/script>\n<!-- \/ Yoast SEO plugin. -->","yoast_head_json":{"title":"Privacy and data retention statement | DCM Dubrovnik","robots":{"index":"index","follow":"follow","max-snippet":"max-snippet:-1","max-image-preview":"max-image-preview:large","max-video-preview":"max-video-preview:-1"},"canonical":"https:\/\/real-estate-dcm.com\/es\/privacy-and-data-retention-statement\/","og_locale":"es_ES","og_type":"article","og_title":"Privacy and data retention statement | DCM Dubrovnik","og_description":"What you need to know when visiting the official website of DCM Dubrovnik Privacy Policy This website ( https:\/\/real-estate-dcm.com\/ ) is operated by DREAM, CREATE &amp; MOVE IN d.o.o. with its registered office at \u0160umet 41, \u0160umet. Please read this policy carefully before using this Site, as it explains how we will handle personal data [&hellip;]","og_url":"https:\/\/real-estate-dcm.com\/es\/privacy-and-data-retention-statement\/","og_site_name":"DCM Dubrovnik","article_publisher":"https:\/\/www.facebook.com\/antonia.damjanovic.7","article_modified_time":"2023-09-05T08:39:40+00:00","twitter_card":"summary_large_image","twitter_misc":{"Tiempo de lectura":"5 minutos"},"schema":{"@context":"https:\/\/schema.org","@graph":[{"@type":"WebPage","@id":"https:\/\/real-estate-dcm.com\/en\/privacy-and-data-retention-statement\/","url":"https:\/\/real-estate-dcm.com\/en\/privacy-and-data-retention-statement\/","name":"Privacy and data retention statement | DCM Dubrovnik","isPartOf":{"@id":"https:\/\/real-estate-dcm.com\/#website"},"datePublished":"2021-05-05T10:03:28+00:00","dateModified":"2023-09-05T08:39:40+00:00","breadcrumb":{"@id":"https:\/\/real-estate-dcm.com\/en\/privacy-and-data-retention-statement\/#breadcrumb"},"inLanguage":"es","potentialAction":[{"@type":"ReadAction","target":["https:\/\/real-estate-dcm.com\/en\/privacy-and-data-retention-statement\/"]}]},{"@type":"BreadcrumbList","@id":"https:\/\/real-estate-dcm.com\/en\/privacy-and-data-retention-statement\/#breadcrumb","itemListElement":[{"@type":"ListItem","position":1,"name":"Po\u010detna stranica","item":"https:\/\/real-estate-dcm.com\/"},{"@type":"ListItem","position":2,"name":"Privacy and data retention statement"}]},{"@type":"WebSite","@id":"https:\/\/real-estate-dcm.com\/#website","url":"https:\/\/real-estate-dcm.com\/","name":"DCM Dubrovnik","description":"Agencija za nekretnine","publisher":{"@id":"https:\/\/real-estate-dcm.com\/#organization"},"potentialAction":[{"@type":"SearchAction","target":{"@type":"EntryPoint","urlTemplate":"https:\/\/real-estate-dcm.com\/?s={search_term_string}"},"query-input":"required name=search_term_string"}],"inLanguage":"es"},{"@type":"Organization","@id":"https:\/\/real-estate-dcm.com\/#organization","name":"DCM Dubrovnik","url":"https:\/\/real-estate-dcm.com\/","logo":{"@type":"ImageObject","inLanguage":"es","@id":"https:\/\/real-estate-dcm.com\/#\/schema\/logo\/image\/","url":"https:\/\/real-estate-dcm.com\/wp-content\/uploads\/2021\/04\/DCM-Dubrovnik-mobile-logo-retina-1.jpg","contentUrl":"https:\/\/real-estate-dcm.com\/wp-content\/uploads\/2021\/04\/DCM-Dubrovnik-mobile-logo-retina-1.jpg","width":300,"height":99,"caption":"DCM Dubrovnik"},"image":{"@id":"https:\/\/real-estate-dcm.com\/#\/schema\/logo\/image\/"},"sameAs":["https:\/\/www.facebook.com\/antonia.damjanovic.7","https:\/\/www.instagram.com\/dcm_realestate\/","https:\/\/hr.linkedin.com\/in\/antonia-damjanovic-526b4420b"]}]}},"_links":{"self":[{"href":"https:\/\/real-estate-dcm.com\/es\/wp-json\/wp\/v2\/pages\/4990","targetHints":{"allow":["GET"]}}],"collection":[{"href":"https:\/\/real-estate-dcm.com\/es\/wp-json\/wp\/v2\/pages"}],"about":[{"href":"https:\/\/real-estate-dcm.com\/es\/wp-json\/wp\/v2\/types\/page"}],"author":[{"embeddable":true,"href":"https:\/\/real-estate-dcm.com\/es\/wp-json\/wp\/v2\/users\/1"}],"replies":[{"embeddable":true,"href":"https:\/\/real-estate-dcm.com\/es\/wp-json\/wp\/v2\/comments?post=4990"}],"version-history":[{"count":0,"href":"https:\/\/real-estate-dcm.com\/es\/wp-json\/wp\/v2\/pages\/4990\/revisions"}],"wp:attachment":[{"href":"https:\/\/real-estate-dcm.com\/es\/wp-json\/wp\/v2\/media?parent=4990"}],"curies":[{"name":"wp","href":"https:\/\/api.w.org\/{rel}","templated":true}]}}