{"id":2302,"date":"2021-05-05T10:03:28","date_gmt":"2021-05-05T10:03:28","guid":{"rendered":"https:\/\/real-estate-dcm.com\/?page_id=2302"},"modified":"2021-05-05T10:03:30","modified_gmt":"2021-05-05T10:03:30","slug":"izjava-o-privatnosti","status":"publish","type":"page","link":"https:\/\/real-estate-dcm.com\/it\/informativa-sulla-privacy-2\/","title":{"rendered":"Dichiarazione sulla privacy e sulla protezione dei dati"},"content":{"rendered":"<h2 class=\"wp-block-heading\">Cosa devi sapere quando visiti il sito ufficiale di DCM Dubrovnik<\/h2>\n\n\n\n<h3 class=\"wp-block-heading\">Informativa sulla Privacy<\/h3>\n\n\n\n<p>Questo sito web (<strong><a href=\"https:\/\/real-estate-dcm.com\/it\/\">https:\/\/real-estate-dcm.com\/<\/a><\/strong>) gestisce <strong>SOGNA, CREA E MUOVERSI doo<\/strong> con sede legale in \u0160umet 41, \u0160umet.<\/p>\n\n\n\n<p>Si prega di leggere attentamente queste regole prima di utilizzare questo Sito, poich\u00e9 contengono una spiegazione su come gestiremo i dati personali e su come utilizziamo i cookie. L&#039;utilizzo di questo sito implica l&#039;accettazione di queste regole. Se non accetti il contenuto di queste regole, non utilizzare questo Sito.<\/p>\n\n\n\n<h3 class=\"wp-block-heading\">Tipi di dati che elaboriamo\/collegamenti ad altri siti web<\/h3>\n\n\n\n<p>DCM Dubrovnik si prende cura della tutela della tua privacy. Attraverso questa Pagina, DCM Dubrovnik raccoglie e non tratta alcun dato personale, ad eccezione delle informazioni raccolte tramite i cookie, come spiegato di seguito in queste regole.<\/p>\n\n\n\n<p>Questo Sito pu\u00f2 contenere collegamenti ad altri siti Web di DCM Dubrovnik o siti Web dei nostri partner commerciali, altre societ\u00e0 affiliate o siti Web di social media. Quando si fa clic su tale collegamento a qualsiasi altro sito Web di DCM Dubrovnik o sito Web di terzi, tenere presente che tali siti Web dispongono di una propria informativa sulla privacy. Si prega di controllare le loro politiche sulla privacy quando si utilizzano tali siti Web.<\/p>\n\n\n\n<p>Si prega di notare che DCM Dubrovnik non pu\u00f2 assumersi alcuna responsabilit\u00e0 per i siti Web di terzi.<\/p>\n\n\n\n<h3 class=\"wp-block-heading\">Raccolta e utilizzo delle informazioni<\/h3>\n\n\n\n<p>Al fine di migliorare il Sito in termini di funzionamento del sistema, suo utilizzo e fornire informazioni utili sui nostri prodotti e servizi, raccogliamo e salviamo automaticamente informazioni in file di registro sul tuo computer. Ci\u00f2 include l&#039;indirizzo IP (protocollo Internet), il tipo di browser e le impostazioni della lingua, il sistema operativo, il provider di servizi Internet (ISP) e l&#039;indicazione di data\/ora.<\/p>\n\n\n\n<p>Utilizziamo queste informazioni per gestire in modo efficace il nostro Sito, acquisire maggiori conoscenze sul comportamento dei visitatori del nostro Sito, analizzare le tendenze e raccogliere dati demografici sui nostri utenti nel loro complesso. I dati raccolti possono essere utilizzati per i nostri servizi e comunicazioni di marketing e pubblicit\u00e0 (ad esempio per ottimizzare e migliorare l&#039;esperienza dell&#039;utente, fornire offerte speciali e servizi pi\u00f9 interessanti).<\/p>\n\n\n\n<p>Nel caso in cui le informazioni non personali vengano utilizzate insieme ai Dati personali, tali informazioni verranno trattate come Dati personali finch\u00e9 vengono utilizzate insieme.<\/p>\n\n\n\n<h3 class=\"wp-block-heading\">Utilizzo dei cookie (&quot;cookie&quot;)<\/h3>\n\n\n\n<p>Questo sito, i messaggi di posta elettronica, i servizi online, gli annunci pubblicitari e le applicazioni interattive possono utilizzare &quot;cookie&quot; per migliorare i nostri servizi.<\/p>\n\n\n\n<h3 class=\"wp-block-heading\">Cos&#039;\u00e8 un &quot;cookie&quot;?<\/h3>\n\n\n\n<p>Un &quot;cookie&quot; \u00e8 un piccolo file, solitamente composto da lettere e numeri, che inviamo al file cookie del browser sul disco rigido del tuo computer tramite il nostro server web. Ci\u00f2 consente, ad esempio, al nostro sito di riconoscere il dispositivo dell&#039;utente quando viene stabilita una connessione tra il server web e il browser web. Lo scopo principale dei cookie \u00e8 consentire al nostro server web di visualizzare pagine web di facile utilizzo che rendano l&#039;esperienza dell&#039;utente pi\u00f9 personale e che corrispondano meglio alle esigenze personali dell&#039;utente. Che tipologie di cookie utilizza questo Sito?<\/p>\n\n\n\n<p><strong>DCM Dubrovnik pu\u00f2 utilizzare due tipi di cookie su questa pagina:<\/strong><br>Cookie temporanei (&quot;cookie di sessione&quot;): si tratta di cookie temporanei che rimangono nel file cookie del tuo browser finch\u00e9 non completi la ricerca. Questi cookie sono obbligatori per il corretto funzionamento di alcune applicazioni o funzionalit\u00e0 del sito web.<br>Cookie persistenti (&quot;cookie persistenti&quot;): possiamo utilizzare cookie persistenti per una migliore esperienza per i nostri utenti (ad esempio fornendo una navigazione ottimizzata). Questi cookie rimangono a lungo nel file cookie del tuo browser. Questo periodo di tempo dipender\u00e0 dalla scelta delle impostazioni del tuo browser Internet. I cookie persistenti consentono di trasferire dati al server web ogni volta che qualcuno visita la pagina. I cookie persistenti sono noti anche come cookie di tracciamento.<\/p>\n\n\n\n<p>Se vuoi saperne di pi\u00f9 sui cookie, ci sono molte pubblicazioni online che li riguardano.<\/p>\n\n\n\n<h3 class=\"wp-block-heading\">Cookie di terze parti<\/h3>\n\n\n\n<p>DCM Dubrovnik pu\u00f2 utilizzare inserzionisti di terze parti per pubblicizzare e migliorare le nostre comunicazioni di marketing. Gli inserzionisti di terze parti utilizzano i cookie per misurare l&#039;efficacia degli annunci pubblicitari e per rendere i contenuti pubblicitari pi\u00f9 personali. Le informazioni raccolte da inserzionisti di terze parti possono includere informazioni come dati di geolocalizzazione (derivati da un indirizzo IP) o informazioni di contatto come un indirizzo e-mail, se raccolte tramite questo Sito.<\/p>\n\n\n\n<h3 class=\"wp-block-heading\">Tag web e tag pixel<\/h3>\n\n\n\n<p>Questo Sito contiene tag web (chiamati anche &quot;tag pixel&quot;). Un web beacon \u00e8 spesso un&#039;immagine grafica trasparente, solitamente non pi\u00f9 grande di 1 x 1 pixel, inserita in una pagina web o in un&#039;e-mail, che viene utilizzata per monitorare il comportamento online degli utenti che visitano quella pagina web o inviano un&#039;e-mail. -posta. I web beacon utilizzano tecnologie di terze parti per monitorare l&#039;attivit\u00e0 dei visitatori del nostro Sito. Permette di tenere traccia di quale computer ha avuto accesso a un particolare sito web, quando e da dove (a livello di paese\/citt\u00e0).<\/p>\n\n\n\n<h3 class=\"wp-block-heading\">Monitoraggio e analisi<\/h3>\n\n\n\n<p>Per migliorare continuamente la nostra comunicazione di marketing, utilizziamo i servizi di Google Analytics. Queste informazioni vengono raccolte tramite tag di tracciamento e\/o cookie. Le informazioni raccolte tramite tag di tracciamento e\/o cookie sono anonime e non saranno collegate ai dati personali.<\/p>\n\n\n\n<h3 class=\"wp-block-heading\">Attivazione e disattivazione di cookie e tecnologie simili<\/h3>\n\n\n\n<p>Hai la possibilit\u00e0 di accettare o rifiutare tutti i cookie su tutti i siti web che visiti modificando le impostazioni del tuo browser Internet. Ad esempio, quando si utilizza Internet Explorer versione 8.0, \u00e8 necessario effettuare le seguenti operazioni: 1. Fare clic sul pulsante Strumenti, quindi su Opzioni Internet 2. Fare clic sulla scheda Privacy 3. Utilizzare il dispositivo di scorrimento per selezionare le impostazioni appropriate.<\/p>\n\n\n\n<p>Per altri browser Internet, ti invitiamo a fare riferimento alle istruzioni del tuo browser per saperne di pi\u00f9 su come modificare le impostazioni del browser o su come eliminare i cookie.<\/p>\n\n\n\n<p>Si prega di notare che alcuni contenuti e la piena funzionalit\u00e0 di questo Sito non saranno disponibili una volta disattivati i cookie.<\/p>\n\n\n\n<h3 class=\"wp-block-heading\">Modifiche alla nostra politica sulla privacy<\/h3>\n\n\n\n<p>Eventuali modifiche future alla nostra politica sulla privacy verranno pubblicate su questa pagina. Si prega di controllare regolarmente la nostra politica sulla privacy per eventuali aggiornamenti o modifiche.<\/p>\n\n\n\n<h3 class=\"wp-block-heading\">Contattaci<\/h3>\n\n\n\n<p>Se avete domande, commenti o richieste riguardanti queste norme sulla privacy, vi preghiamo di contattarci. Lo stesso vale nel caso in cui desideri avere accesso a qualsiasi informazione che abbiamo su di te, che viene raccolta attraverso questo Sito, o quando desideri che tali informazioni vengano corrette, bloccate o cancellate.<\/p>","protected":false},"excerpt":{"rendered":"<p>\u0160to trebate znati prilikom posjete slu\u017ebenih stranica DCM Dubrovnik Izjava o privatnosti Ovom web stranicom (https:\/\/real-estate-dcm.com\/) upravlja DREAM, CREATE &amp; MOVE IN d.o.o. s registriranim sjedi\u0161tem na adresi \u0160umet 41, \u0160umet. Molimo vas da pa\u017eljivo pro\u010ditate ova pravila prije kori\u0161tenja ove Stranice, jer ista sadr\u017ee obja\u0161njenje kako \u0107emo postupati s osobnim podacima i na koji [&hellip;]<\/p>","protected":false},"author":1,"featured_media":0,"parent":0,"menu_order":0,"comment_status":"closed","ping_status":"closed","template":"","meta":{"footnotes":""},"class_list":["post-2302","page","type-page","status-publish","hentry"],"yoast_head":"<!-- This site is optimized with the Yoast SEO plugin v23.2 - https:\/\/yoast.com\/wordpress\/plugins\/seo\/ -->\n<title>Izjava o privatnosti i \u010duvanju podataka | DCM Dubrovnik<\/title>\n<meta name=\"robots\" content=\"index, follow, max-snippet:-1, max-image-preview:large, max-video-preview:-1\" \/>\n<link rel=\"canonical\" href=\"https:\/\/real-estate-dcm.com\/it\/informativa-sulla-privacy-2\/\" \/>\n<meta property=\"og:locale\" content=\"it_IT\" \/>\n<meta property=\"og:type\" content=\"article\" \/>\n<meta property=\"og:title\" content=\"Izjava o privatnosti i \u010duvanju podataka | DCM Dubrovnik\" \/>\n<meta property=\"og:description\" content=\"\u0160to trebate znati prilikom posjete slu\u017ebenih stranica DCM Dubrovnik Izjava o privatnosti Ovom web stranicom (https:\/\/real-estate-dcm.com\/) upravlja DREAM, CREATE &amp; MOVE IN d.o.o. s registriranim sjedi\u0161tem na adresi \u0160umet 41, \u0160umet. Molimo vas da pa\u017eljivo pro\u010ditate ova pravila prije kori\u0161tenja ove Stranice, jer ista sadr\u017ee obja\u0161njenje kako \u0107emo postupati s osobnim podacima i na koji [&hellip;]\" \/>\n<meta property=\"og:url\" content=\"https:\/\/real-estate-dcm.com\/it\/informativa-sulla-privacy-2\/\" \/>\n<meta property=\"og:site_name\" content=\"DCM Dubrovnik\" \/>\n<meta property=\"article:publisher\" content=\"https:\/\/www.facebook.com\/antonia.damjanovic.7\" \/>\n<meta property=\"article:modified_time\" content=\"2021-05-05T10:03:30+00:00\" \/>\n<meta name=\"twitter:card\" content=\"summary_large_image\" \/>\n<meta name=\"twitter:label1\" content=\"Tempo di lettura stimato\" \/>\n\t<meta name=\"twitter:data1\" content=\"5 minuti\" \/>\n<script type=\"application\/ld+json\" class=\"yoast-schema-graph\">{\"@context\":\"https:\/\/schema.org\",\"@graph\":[{\"@type\":\"WebPage\",\"@id\":\"https:\/\/real-estate-dcm.com\/izjava-o-privatnosti\/\",\"url\":\"https:\/\/real-estate-dcm.com\/izjava-o-privatnosti\/\",\"name\":\"Izjava o privatnosti i \u010duvanju podataka | DCM Dubrovnik\",\"isPartOf\":{\"@id\":\"https:\/\/real-estate-dcm.com\/#website\"},\"datePublished\":\"2021-05-05T10:03:28+00:00\",\"dateModified\":\"2021-05-05T10:03:30+00:00\",\"breadcrumb\":{\"@id\":\"https:\/\/real-estate-dcm.com\/izjava-o-privatnosti\/#breadcrumb\"},\"inLanguage\":\"it-IT\",\"potentialAction\":[{\"@type\":\"ReadAction\",\"target\":[\"https:\/\/real-estate-dcm.com\/izjava-o-privatnosti\/\"]}]},{\"@type\":\"BreadcrumbList\",\"@id\":\"https:\/\/real-estate-dcm.com\/izjava-o-privatnosti\/#breadcrumb\",\"itemListElement\":[{\"@type\":\"ListItem\",\"position\":1,\"name\":\"Po\u010detna stranica\",\"item\":\"https:\/\/real-estate-dcm.com\/\"},{\"@type\":\"ListItem\",\"position\":2,\"name\":\"Izjava o privatnosti i \u010duvanju podataka\"}]},{\"@type\":\"WebSite\",\"@id\":\"https:\/\/real-estate-dcm.com\/#website\",\"url\":\"https:\/\/real-estate-dcm.com\/\",\"name\":\"DCM Dubrovnik\",\"description\":\"Agencija za nekretnine\",\"publisher\":{\"@id\":\"https:\/\/real-estate-dcm.com\/#organization\"},\"potentialAction\":[{\"@type\":\"SearchAction\",\"target\":{\"@type\":\"EntryPoint\",\"urlTemplate\":\"https:\/\/real-estate-dcm.com\/?s={search_term_string}\"},\"query-input\":\"required name=search_term_string\"}],\"inLanguage\":\"it-IT\"},{\"@type\":\"Organization\",\"@id\":\"https:\/\/real-estate-dcm.com\/#organization\",\"name\":\"DCM Dubrovnik\",\"url\":\"https:\/\/real-estate-dcm.com\/\",\"logo\":{\"@type\":\"ImageObject\",\"inLanguage\":\"it-IT\",\"@id\":\"https:\/\/real-estate-dcm.com\/#\/schema\/logo\/image\/\",\"url\":\"https:\/\/real-estate-dcm.com\/wp-content\/uploads\/2021\/04\/DCM-Dubrovnik-mobile-logo-retina-1.jpg\",\"contentUrl\":\"https:\/\/real-estate-dcm.com\/wp-content\/uploads\/2021\/04\/DCM-Dubrovnik-mobile-logo-retina-1.jpg\",\"width\":300,\"height\":99,\"caption\":\"DCM Dubrovnik\"},\"image\":{\"@id\":\"https:\/\/real-estate-dcm.com\/#\/schema\/logo\/image\/\"},\"sameAs\":[\"https:\/\/www.facebook.com\/antonia.damjanovic.7\",\"https:\/\/www.instagram.com\/dcm_realestate\/\",\"https:\/\/hr.linkedin.com\/in\/antonia-damjanovic-526b4420b\"]}]}<\/script>\n<!-- \/ Yoast SEO plugin. -->","yoast_head_json":{"title":"Izjava o privatnosti i \u010duvanju podataka | DCM Dubrovnik","robots":{"index":"index","follow":"follow","max-snippet":"max-snippet:-1","max-image-preview":"max-image-preview:large","max-video-preview":"max-video-preview:-1"},"canonical":"https:\/\/real-estate-dcm.com\/it\/informativa-sulla-privacy-2\/","og_locale":"it_IT","og_type":"article","og_title":"Izjava o privatnosti i \u010duvanju podataka | DCM Dubrovnik","og_description":"\u0160to trebate znati prilikom posjete slu\u017ebenih stranica DCM Dubrovnik Izjava o privatnosti Ovom web stranicom (https:\/\/real-estate-dcm.com\/) upravlja DREAM, CREATE &amp; MOVE IN d.o.o. s registriranim sjedi\u0161tem na adresi \u0160umet 41, \u0160umet. Molimo vas da pa\u017eljivo pro\u010ditate ova pravila prije kori\u0161tenja ove Stranice, jer ista sadr\u017ee obja\u0161njenje kako \u0107emo postupati s osobnim podacima i na koji [&hellip;]","og_url":"https:\/\/real-estate-dcm.com\/it\/informativa-sulla-privacy-2\/","og_site_name":"DCM Dubrovnik","article_publisher":"https:\/\/www.facebook.com\/antonia.damjanovic.7","article_modified_time":"2021-05-05T10:03:30+00:00","twitter_card":"summary_large_image","twitter_misc":{"Tempo di lettura stimato":"5 minuti"},"schema":{"@context":"https:\/\/schema.org","@graph":[{"@type":"WebPage","@id":"https:\/\/real-estate-dcm.com\/izjava-o-privatnosti\/","url":"https:\/\/real-estate-dcm.com\/izjava-o-privatnosti\/","name":"Izjava o privatnosti i \u010duvanju podataka | DCM Dubrovnik","isPartOf":{"@id":"https:\/\/real-estate-dcm.com\/#website"},"datePublished":"2021-05-05T10:03:28+00:00","dateModified":"2021-05-05T10:03:30+00:00","breadcrumb":{"@id":"https:\/\/real-estate-dcm.com\/izjava-o-privatnosti\/#breadcrumb"},"inLanguage":"it-IT","potentialAction":[{"@type":"ReadAction","target":["https:\/\/real-estate-dcm.com\/izjava-o-privatnosti\/"]}]},{"@type":"BreadcrumbList","@id":"https:\/\/real-estate-dcm.com\/izjava-o-privatnosti\/#breadcrumb","itemListElement":[{"@type":"ListItem","position":1,"name":"Po\u010detna stranica","item":"https:\/\/real-estate-dcm.com\/"},{"@type":"ListItem","position":2,"name":"Izjava o privatnosti i \u010duvanju podataka"}]},{"@type":"WebSite","@id":"https:\/\/real-estate-dcm.com\/#website","url":"https:\/\/real-estate-dcm.com\/","name":"DCM Dubrovnik","description":"Agencija za nekretnine","publisher":{"@id":"https:\/\/real-estate-dcm.com\/#organization"},"potentialAction":[{"@type":"SearchAction","target":{"@type":"EntryPoint","urlTemplate":"https:\/\/real-estate-dcm.com\/?s={search_term_string}"},"query-input":"required name=search_term_string"}],"inLanguage":"it-IT"},{"@type":"Organization","@id":"https:\/\/real-estate-dcm.com\/#organization","name":"DCM Dubrovnik","url":"https:\/\/real-estate-dcm.com\/","logo":{"@type":"ImageObject","inLanguage":"it-IT","@id":"https:\/\/real-estate-dcm.com\/#\/schema\/logo\/image\/","url":"https:\/\/real-estate-dcm.com\/wp-content\/uploads\/2021\/04\/DCM-Dubrovnik-mobile-logo-retina-1.jpg","contentUrl":"https:\/\/real-estate-dcm.com\/wp-content\/uploads\/2021\/04\/DCM-Dubrovnik-mobile-logo-retina-1.jpg","width":300,"height":99,"caption":"DCM Dubrovnik"},"image":{"@id":"https:\/\/real-estate-dcm.com\/#\/schema\/logo\/image\/"},"sameAs":["https:\/\/www.facebook.com\/antonia.damjanovic.7","https:\/\/www.instagram.com\/dcm_realestate\/","https:\/\/hr.linkedin.com\/in\/antonia-damjanovic-526b4420b"]}]}},"_links":{"self":[{"href":"https:\/\/real-estate-dcm.com\/it\/wp-json\/wp\/v2\/pages\/2302","targetHints":{"allow":["GET"]}}],"collection":[{"href":"https:\/\/real-estate-dcm.com\/it\/wp-json\/wp\/v2\/pages"}],"about":[{"href":"https:\/\/real-estate-dcm.com\/it\/wp-json\/wp\/v2\/types\/page"}],"author":[{"embeddable":true,"href":"https:\/\/real-estate-dcm.com\/it\/wp-json\/wp\/v2\/users\/1"}],"replies":[{"embeddable":true,"href":"https:\/\/real-estate-dcm.com\/it\/wp-json\/wp\/v2\/comments?post=2302"}],"version-history":[{"count":0,"href":"https:\/\/real-estate-dcm.com\/it\/wp-json\/wp\/v2\/pages\/2302\/revisions"}],"wp:attachment":[{"href":"https:\/\/real-estate-dcm.com\/it\/wp-json\/wp\/v2\/media?parent=2302"}],"curies":[{"name":"wp","href":"https:\/\/api.w.org\/{rel}","templated":true}]}}